{"id":5358,"date":"2023-07-12T18:26:40","date_gmt":"2023-07-12T16:26:40","guid":{"rendered":"https:\/\/festivaldemusicavisualdelanzarote.com\/vorherige-ausgaben\/"},"modified":"2025-10-24T19:56:00","modified_gmt":"2025-10-24T17:56:00","slug":"vorherige-ausgaben","status":"publish","type":"page","link":"https:\/\/festivaldemusicavisualdelanzarote.com\/de\/vorherige-ausgaben\/","title":{"rendered":"VORHERIGE AUSGABEN 2018"},"content":{"rendered":"<p>[et_pb_section fb_built=&#8220;1&#8243; fullwidth=&#8220;on&#8220; _builder_version=&#8220;4.27.0&#8243; _module_preset=&#8220;default&#8220; da_disable_devices=&#8220;off|off|off&#8220; global_colors_info=&#8220;{}&#8220; da_is_popup=&#8220;off&#8220; da_exit_intent=&#8220;off&#8220; da_has_close=&#8220;on&#8220; da_alt_close=&#8220;off&#8220; da_dark_close=&#8220;off&#8220; da_not_modal=&#8220;on&#8220; da_is_singular=&#8220;off&#8220; da_with_loader=&#8220;off&#8220; da_has_shadow=&#8220;on&#8220;][et_pb_fullwidth_image src=&#8220;https:\/\/festivaldemusicavisualdelanzarote.com\/wp-content\/uploads\/2025\/07\/Bg2-1.jpg&#8220; title_text=&#8220;Bg3&#8243; src_tablet=&#8220;https:\/\/festivaldemusicavisualdelanzarote.com\/wp-content\/uploads\/2025\/07\/Bg3.jpg&#8220; src_phone=&#8220;https:\/\/festivaldemusicavisualdelanzarote.com\/wp-content\/uploads\/2025\/07\/Bg3.jpg&#8220; src_last_edited=&#8220;on|phone&#8220; _builder_version=&#8220;4.27.4&#8243; _module_preset=&#8220;default&#8220; global_colors_info=&#8220;{}&#8220;][\/et_pb_fullwidth_image][\/et_pb_section][et_pb_section fb_built=&#8220;1&#8243; _builder_version=&#8220;4.21.0&#8243; _module_preset=&#8220;default&#8220; use_background_color_gradient=&#8220;on&#8220; background_color_gradient_stops=&#8220;rgba(255,255,255,0.54) 1%|rgba(255,255,255,0.6) 99%&#8220; background_color_gradient_overlays_image=&#8220;on&#8220; background_image=&#8220;https:\/\/festivaldemusicavisualdelanzarote.com\/wp-content\/uploads\/2023\/07\/festival_bg1.png&#8220; background_position=&#8220;top_right&#8220; custom_padding=&#8220;||0px|||&#8220; da_disable_devices=&#8220;off|off|off&#8220; global_colors_info=&#8220;{}&#8220; locked=&#8220;off&#8220; da_is_popup=&#8220;off&#8220; da_exit_intent=&#8220;off&#8220; da_has_close=&#8220;on&#8220; da_alt_close=&#8220;off&#8220; da_dark_close=&#8220;off&#8220; da_not_modal=&#8220;on&#8220; da_is_singular=&#8220;off&#8220; da_with_loader=&#8220;off&#8220; da_has_shadow=&#8220;on&#8220;][et_pb_row _builder_version=&#8220;4.21.0&#8243; _module_preset=&#8220;default&#8220; custom_padding=&#8220;||4px|||&#8220; global_colors_info=&#8220;{}&#8220;][et_pb_column type=&#8220;4_4&#8243; _builder_version=&#8220;4.21.0&#8243; _module_preset=&#8220;default&#8220; global_colors_info=&#8220;{}&#8220;][et_pb_text _builder_version=&#8220;4.27.4&#8243; _module_preset=&#8220;default&#8220; text_font=&#8220;|800|||||||&#8220; text_text_color=&#8220;#4152A0&#8243; text_font_size=&#8220;60px&#8220; text_letter_spacing=&#8220;5px&#8220; text_font_size_tablet=&#8220;50px&#8220; text_font_size_phone=&#8220;32px&#8220; text_font_size_last_edited=&#8220;on|phone&#8220; text_letter_spacing_tablet=&#8220;3px&#8220; text_letter_spacing_phone=&#8220;1px&#8220; text_letter_spacing_last_edited=&#8220;on|tablet&#8220; global_colors_info=&#8220;{}&#8220;]<\/p>\n<p>EDITION 2024<\/p>\n<p>[\/et_pb_text][et_pb_button button_text=&#8220;PRESSE&#8220; button_alignment=&#8220;left&#8220; _builder_version=&#8220;4.27.4&#8243; _module_preset=&#8220;default&#8220; custom_button=&#8220;on&#8220; button_text_size=&#8220;14px&#8220; button_text_color=&#8220;#FFFFFF&#8220; button_bg_color=&#8220;#4152A0&#8243; button_bg_use_color_gradient=&#8220;on&#8220; button_bg_color_gradient_direction=&#8220;235deg&#8220; button_bg_color_gradient_stops=&#8220;#ffffff 12%|#000000 12%&#8220; button_border_width=&#8220;0px&#8220; button_border_radius=&#8220;0px&#8220; button_letter_spacing=&#8220;1px&#8220; button_font=&#8220;|700|||||||&#8220; button_use_icon=&#8220;off&#8220; custom_margin=&#8220;||60px||false|false&#8220; custom_padding=&#8220;|90px|||false|false&#8220; global_colors_info=&#8220;{}&#8220;][\/et_pb_button][\/et_pb_column][\/et_pb_row][et_pb_row _builder_version=&#8220;4.21.0&#8243; _module_preset=&#8220;default&#8220; custom_padding=&#8220;0px||0px||true|false&#8220; global_colors_info=&#8220;{}&#8220;][et_pb_column type=&#8220;4_4&#8243; _builder_version=&#8220;4.21.0&#8243; _module_preset=&#8220;default&#8220; global_colors_info=&#8220;{}&#8220;][et_pb_blog fullwidth=&#8220;off&#8220; include_categories=&#8220;101&#8243; show_thumbnail=&#8220;off&#8220; show_more=&#8220;on&#8220; show_author=&#8220;off&#8220; show_date=&#8220;off&#8220; show_categories=&#8220;off&#8220; _builder_version=&#8220;4.27.4&#8243; _module_preset=&#8220;default&#8220; header_font=&#8220;|800|||||||&#8220; header_font_size=&#8220;22px&#8220; body_font=&#8220;|300|||||||&#8220; body_text_color=&#8220;#000000&#8243; body_font_size=&#8220;16px&#8220; read_more_font=&#8220;|700||on|||||&#8220; read_more_text_color=&#8220;#4152A0&#8243; border_width_all=&#8220;0px&#8220; global_colors_info=&#8220;{}&#8220;][\/et_pb_blog][\/et_pb_column][\/et_pb_row][et_pb_row _builder_version=&#8220;4.21.0&#8243; _module_preset=&#8220;default&#8220; custom_padding=&#8220;||22px|||&#8220; global_colors_info=&#8220;{}&#8220;][et_pb_column type=&#8220;4_4&#8243; _builder_version=&#8220;4.21.0&#8243; _module_preset=&#8220;default&#8220; global_colors_info=&#8220;{}&#8220;][et_pb_button button_text=&#8220;AUDIOVISUELLE RESSOURCEN&#8220; button_alignment=&#8220;left&#8220; _builder_version=&#8220;4.21.0&#8243; _module_preset=&#8220;default&#8220; custom_button=&#8220;on&#8220; button_text_size=&#8220;14px&#8220; button_text_color=&#8220;#FFFFFF&#8220; button_bg_color=&#8220;#4152A0&#8243; button_bg_use_color_gradient=&#8220;on&#8220; button_bg_color_gradient_direction=&#8220;235deg&#8220; button_bg_color_gradient_stops=&#8220;#ffffff 12%|#000000 12%&#8220; button_border_width=&#8220;0px&#8220; button_border_radius=&#8220;0px&#8220; button_letter_spacing=&#8220;1px&#8220; button_font=&#8220;|700|||||||&#8220; button_use_icon=&#8220;off&#8220; custom_margin=&#8220;||60px||false|false&#8220; custom_padding=&#8220;|90px|||false|false&#8220; global_colors_info=&#8220;{}&#8220;][\/et_pb_button][et_pb_button button_url=&#8220;@ET-DC@eyJkeW5hbWljIjp0cnVlLCJjb250ZW50IjoicG9zdF9saW5rX3VybF9wYWdlIiwic2V0dGluZ3MiOnsicG9zdF9pZCI6Ijg0MjAifX0=@&#8220; url_new_window=&#8220;on&#8220; button_text=&#8220;SIEHE DIE AUSGABE 2024&#8243; button_alignment=&#8220;left&#8220; _builder_version=&#8220;4.27.4&#8243; _module_preset=&#8220;default&#8220; custom_button=&#8220;on&#8220; button_text_size=&#8220;18px&#8220; button_text_color=&#8220;#70BF9D&#8220; button_border_radius=&#8220;52px&#8220; button_letter_spacing=&#8220;2px&#8220; button_font=&#8220;|700|||||||&#8220; hover_enabled=&#8220;0&#8243; locked=&#8220;off&#8220; global_colors_info=&#8220;{}&#8220; button_text_color__hover=&#8220;#FFFFFF&#8220; button_text_color__hover_enabled=&#8220;on|hover&#8220; button_bg_color__hover=&#8220;#D77186&#8243; button_bg_color__hover_enabled=&#8220;on|desktop&#8220; _dynamic_attributes=&#8220;button_url&#8220; sticky_enabled=&#8220;0&#8243;][\/et_pb_button][\/et_pb_column][\/et_pb_row][\/et_pb_section][et_pb_section fb_built=&#8220;1&#8243; _builder_version=&#8220;4.21.0&#8243; _module_preset=&#8220;default&#8220; da_disable_devices=&#8220;off|off|off&#8220; global_colors_info=&#8220;{}&#8220; da_is_popup=&#8220;off&#8220; da_exit_intent=&#8220;off&#8220; da_has_close=&#8220;on&#8220; da_alt_close=&#8220;off&#8220; da_dark_close=&#8220;off&#8220; da_not_modal=&#8220;on&#8220; da_is_singular=&#8220;off&#8220; da_with_loader=&#8220;off&#8220; da_has_shadow=&#8220;on&#8220;][et_pb_row _builder_version=&#8220;4.27.0&#8243; _module_preset=&#8220;default&#8220; global_colors_info=&#8220;{}&#8220;][et_pb_column type=&#8220;4_4&#8243; _builder_version=&#8220;4.27.0&#8243; _module_preset=&#8220;default&#8220; global_colors_info=&#8220;{}&#8220;][et_pb_text _builder_version=&#8220;4.27.4&#8243; _module_preset=&#8220;default&#8220; text_font=&#8220;Quantify|800||on|||||&#8220; text_text_color=&#8220;#70BF9D&#8220; text_font_size=&#8220;40px&#8220; text_letter_spacing=&#8220;5px&#8220; text_line_height=&#8220;1em&#8220; text_orientation=&#8220;center&#8220; text_font_size_tablet=&#8220;50px&#8220; text_font_size_phone=&#8220;32px&#8220; text_font_size_last_edited=&#8220;on|phone&#8220; text_letter_spacing_tablet=&#8220;3px&#8220; text_letter_spacing_phone=&#8220;1px&#8220; text_letter_spacing_last_edited=&#8220;on|tablet&#8220; global_colors_info=&#8220;{}&#8220;]<\/p>\n<p>FR\u00dcHERE JAHRE<\/p>\n<p>[\/et_pb_text][\/et_pb_column][\/et_pb_row][et_pb_row column_structure=&#8220;1_5,1_5,1_5,1_5,1_5&#8243; use_custom_gutter=&#8220;on&#8220; gutter_width=&#8220;2&#8243; _builder_version=&#8220;4.27.4&#8243; _module_preset=&#8220;default&#8220; hover_enabled=&#8220;0&#8243; global_colors_info=&#8220;{}&#8220; sticky_enabled=&#8220;0&#8243;][et_pb_column type=&#8220;1_5&#8243; _builder_version=&#8220;4.21.0&#8243; _module_preset=&#8220;default&#8220; global_colors_info=&#8220;{}&#8220;][et_pb_button button_url=&#8220;@ET-DC@eyJkeW5hbWljIjp0cnVlLCJjb250ZW50IjoicG9zdF9saW5rX3VybF9wYWdlIiwic2V0dGluZ3MiOnsicG9zdF9pZCI6Ijg1NTEifX0=@&#8220; url_new_window=&#8220;on&#8220; button_text=&#8220;AUSGABE 2023&#8243; button_alignment=&#8220;center&#8220; _builder_version=&#8220;4.27.4&#8243; _dynamic_attributes=&#8220;button_url&#8220; _module_preset=&#8220;default&#8220; custom_button=&#8220;on&#8220; button_text_size=&#8220;16px&#8220; button_text_color=&#8220;#FFFFFF&#8220; button_bg_color=&#8220;#70BF9D&#8220; button_border_width=&#8220;0px&#8220; button_border_radius=&#8220;0px&#8220; button_letter_spacing=&#8220;2px&#8220; button_font=&#8220;|700|||||||&#8220; hover_enabled=&#8220;0&#8243; locked=&#8220;off&#8220; global_colors_info=&#8220;{}&#8220; button_text_size__hover_enabled=&#8220;off|desktop&#8220; button_bg_color__hover_enabled=&#8220;on|hover&#8220; button_bg_color__hover=&#8220;#102639&#8243; button_bg_enable_color__hover=&#8220;on&#8220; button_text_color__hover=&#8220;#FFFFFF&#8220; button_text_color__hover_enabled=&#8220;on|hover&#8220; sticky_enabled=&#8220;0&#8243;][\/et_pb_button][\/et_pb_column][et_pb_column type=&#8220;1_5&#8243; _builder_version=&#8220;4.21.0&#8243; _module_preset=&#8220;default&#8220; global_colors_info=&#8220;{}&#8220;][et_pb_button button_url=&#8220;@ET-DC@eyJkeW5hbWljIjp0cnVlLCJjb250ZW50IjoicG9zdF9saW5rX3VybF9wYWdlIiwic2V0dGluZ3MiOnsicG9zdF9pZCI6IjU4NzIifX0=@&#8220; url_new_window=&#8220;on&#8220; button_text=&#8220;2022 EDITION&#8220; button_alignment=&#8220;center&#8220; _builder_version=&#8220;4.27.4&#8243; _dynamic_attributes=&#8220;button_url&#8220; _module_preset=&#8220;default&#8220; custom_button=&#8220;on&#8220; button_text_size=&#8220;16px&#8220; button_text_color=&#8220;#FFFFFF&#8220; button_bg_color=&#8220;#70BF9D&#8220; button_border_width=&#8220;0px&#8220; button_border_radius=&#8220;0px&#8220; button_letter_spacing=&#8220;2px&#8220; button_font=&#8220;|700|||||||&#8220; locked=&#8220;off&#8220; global_colors_info=&#8220;{}&#8220; button_text_size__hover_enabled=&#8220;off|desktop&#8220; button_bg_color__hover_enabled=&#8220;on|hover&#8220; button_bg_color__hover=&#8220;#102639&#8243; button_bg_enable_color__hover=&#8220;on&#8220; button_text_color__hover=&#8220;#FFFFFF&#8220; button_text_color__hover_enabled=&#8220;on|hover&#8220; sticky_enabled=&#8220;0&#8243;][\/et_pb_button][\/et_pb_column][et_pb_column type=&#8220;1_5&#8243; _builder_version=&#8220;4.21.0&#8243; _module_preset=&#8220;default&#8220; global_colors_info=&#8220;{}&#8220;][et_pb_button button_url=&#8220;@ET-DC@eyJkeW5hbWljIjp0cnVlLCJjb250ZW50IjoicG9zdF9saW5rX3VybF9wYWdlIiwic2V0dGluZ3MiOnsicG9zdF9pZCI6IjQ5NTgifX0=@&#8220; url_new_window=&#8220;on&#8220; button_text=&#8220;EDITION 2019&#8243; button_alignment=&#8220;center&#8220; _builder_version=&#8220;4.21.0&#8243; _dynamic_attributes=&#8220;button_url&#8220; _module_preset=&#8220;default&#8220; custom_button=&#8220;on&#8220; button_text_size=&#8220;16px&#8220; button_text_color=&#8220;#FFFFFF&#8220; button_bg_color=&#8220;#70BF9D&#8220; button_border_width=&#8220;0px&#8220; button_border_radius=&#8220;0px&#8220; button_letter_spacing=&#8220;2px&#8220; button_font=&#8220;|700|||||||&#8220; global_colors_info=&#8220;{}&#8220; button_text_size__hover_enabled=&#8220;off|desktop&#8220; button_bg_color__hover_enabled=&#8220;on|hover&#8220; button_bg_color__hover=&#8220;#102639&#8243; button_bg_enable_color__hover=&#8220;on&#8220; button_text_color__hover=&#8220;#FFFFFF&#8220; button_text_color__hover_enabled=&#8220;on|hover&#8220;][\/et_pb_button][\/et_pb_column][et_pb_column type=&#8220;1_5&#8243; _builder_version=&#8220;4.21.0&#8243; _module_preset=&#8220;default&#8220; global_colors_info=&#8220;{}&#8220;][et_pb_button button_url=&#8220;@ET-DC@eyJkeW5hbWljIjp0cnVlLCJjb250ZW50IjoicG9zdF9saW5rX3VybF9wYWdlIiwic2V0dGluZ3MiOnsicG9zdF9pZCI6IjQ5NDkifX0=@&#8220; url_new_window=&#8220;on&#8220; button_text=&#8220;EDITION 2018&#8243; button_alignment=&#8220;center&#8220; _builder_version=&#8220;4.21.0&#8243; _dynamic_attributes=&#8220;button_url&#8220; _module_preset=&#8220;default&#8220; custom_button=&#8220;on&#8220; button_text_size=&#8220;16px&#8220; button_text_color=&#8220;#FFFFFF&#8220; button_bg_color=&#8220;#70BF9D&#8220; button_border_width=&#8220;0px&#8220; button_border_radius=&#8220;0px&#8220; button_letter_spacing=&#8220;2px&#8220; button_font=&#8220;|700|||||||&#8220; global_colors_info=&#8220;{}&#8220; button_text_size__hover_enabled=&#8220;off|desktop&#8220; button_bg_color__hover_enabled=&#8220;on|hover&#8220; button_bg_color__hover=&#8220;#102639&#8243; button_bg_enable_color__hover=&#8220;on&#8220; button_text_color__hover_enabled=&#8220;on|hover&#8220; button_text_color__hover=&#8220;#FFFFFF&#8220;][\/et_pb_button][\/et_pb_column][et_pb_column type=&#8220;1_5&#8243; _builder_version=&#8220;4.21.0&#8243; _module_preset=&#8220;default&#8220; global_colors_info=&#8220;{}&#8220;][et_pb_button button_url=&#8220;@ET-DC@eyJkeW5hbWljIjp0cnVlLCJjb250ZW50IjoicG9zdF9saW5rX3VybF9wYWdlIiwic2V0dGluZ3MiOnsicG9zdF9pZCI6IjUwMjMifX0=@&#8220; url_new_window=&#8220;on&#8220; button_text=&#8220;EDITION 2017&#8243; button_alignment=&#8220;center&#8220; _builder_version=&#8220;4.21.0&#8243; _dynamic_attributes=&#8220;button_url&#8220; _module_preset=&#8220;default&#8220; custom_button=&#8220;on&#8220; button_text_size=&#8220;16px&#8220; button_text_color=&#8220;#FFFFFF&#8220; button_bg_color=&#8220;#70BF9D&#8220; button_border_width=&#8220;0px&#8220; button_border_radius=&#8220;0px&#8220; button_letter_spacing=&#8220;2px&#8220; button_font=&#8220;|700|||||||&#8220; global_colors_info=&#8220;{}&#8220; button_text_size__hover_enabled=&#8220;off|desktop&#8220; button_bg_color__hover_enabled=&#8220;on|hover&#8220; button_bg_color__hover=&#8220;#102639&#8243; button_bg_enable_color__hover=&#8220;on&#8220; button_text_color__hover=&#8220;#FFFFFF&#8220; button_text_color__hover_enabled=&#8220;on|hover&#8220;][\/et_pb_button][\/et_pb_column][\/et_pb_row][\/et_pb_section][et_pb_section fb_built=&#8220;1&#8243; _builder_version=&#8220;4.27.4&#8243; _module_preset=&#8220;default&#8220; background_color=&#8220;#0E1322&#8243; use_background_color_gradient=&#8220;on&#8220; background_color_gradient_stops=&#8220;#000000 0%|#3c120f 100%&#8220; da_disable_devices=&#8220;off|off|off&#8220; locked=&#8220;off&#8220; global_colors_info=&#8220;{}&#8220; da_is_popup=&#8220;off&#8220; da_exit_intent=&#8220;off&#8220; da_has_close=&#8220;on&#8220; da_alt_close=&#8220;off&#8220; da_dark_close=&#8220;off&#8220; da_not_modal=&#8220;on&#8220; da_is_singular=&#8220;off&#8220; da_with_loader=&#8220;off&#8220; da_has_shadow=&#8220;on&#8220;][et_pb_row _builder_version=&#8220;4.27.0&#8243; _module_preset=&#8220;default&#8220; global_colors_info=&#8220;{}&#8220;][et_pb_column type=&#8220;4_4&#8243; _builder_version=&#8220;4.27.0&#8243; _module_preset=&#8220;default&#8220; global_colors_info=&#8220;{}&#8220;][et_pb_image src=&#8220;https:\/\/festivaldemusicavisualdelanzarote.com\/wp-content\/uploads\/2025\/08\/logos-scaled.png&#8220; title_text=&#8220;Logos&#8220; _builder_version=&#8220;4.27.4&#8243; _module_preset=&#8220;default&#8220; global_colors_info=&#8220;{}&#8220;][\/et_pb_image][\/et_pb_column][\/et_pb_row][\/et_pb_section]<\/p>\n","protected":false},"excerpt":{"rendered":"<p>EDITION 2024FR\u00dcHERE JAHRE<\/p>\n","protected":false},"author":5,"featured_media":0,"parent":0,"menu_order":0,"comment_status":"closed","ping_status":"closed","template":"","meta":{"_et_pb_use_builder":"on","_et_pb_old_content":"","_et_gb_content_width":"","footnotes":""},"class_list":["post-5358","page","type-page","status-publish","hentry"],"yoast_head":"<!-- This site is optimized with the Yoast SEO plugin v25.3.1 - https:\/\/yoast.com\/wordpress\/plugins\/seo\/ -->\n<title>VORHERIGE AUSGABEN 2018 - Festival de M\u00fasica de Lanzarote<\/title>\n<meta name=\"robots\" content=\"index, follow, max-snippet:-1, max-image-preview:large, max-video-preview:-1\" \/>\n<link rel=\"canonical\" href=\"https:\/\/festivaldemusicavisualdelanzarote.com\/de\/vorherige-ausgaben\/\" \/>\n<meta property=\"og:locale\" content=\"de_DE\" \/>\n<meta property=\"og:type\" content=\"article\" \/>\n<meta property=\"og:title\" content=\"VORHERIGE AUSGABEN 2018 - Festival de M\u00fasica de Lanzarote\" \/>\n<meta property=\"og:description\" content=\"EDITION 2024FR\u00dcHERE JAHRE\" \/>\n<meta property=\"og:url\" content=\"https:\/\/festivaldemusicavisualdelanzarote.com\/de\/vorherige-ausgaben\/\" \/>\n<meta property=\"og:site_name\" content=\"Festival de M\u00fasica de Lanzarote\" \/>\n<meta property=\"article:publisher\" content=\"https:\/\/www.facebook.com\/FestivaldeMusicaVisualdeLanzarote\" \/>\n<meta property=\"article:modified_time\" content=\"2025-10-24T17:56:00+00:00\" \/>\n<meta name=\"twitter:card\" content=\"summary_large_image\" \/>\n<meta name=\"twitter:label1\" content=\"Gesch\u00e4tzte Lesezeit\" \/>\n\t<meta name=\"twitter:data1\" content=\"8\u00a0Minuten\" \/>\n<script type=\"application\/ld+json\" class=\"yoast-schema-graph\">{\"@context\":\"https:\/\/schema.org\",\"@graph\":[{\"@type\":\"WebPage\",\"@id\":\"https:\/\/festivaldemusicavisualdelanzarote.com\/de\/vorherige-ausgaben\/\",\"url\":\"https:\/\/festivaldemusicavisualdelanzarote.com\/de\/vorherige-ausgaben\/\",\"name\":\"VORHERIGE AUSGABEN 2018 - Festival de M\u00fasica de Lanzarote\",\"isPartOf\":{\"@id\":\"https:\/\/festivaldemusicavisualdelanzarote.com\/de\/#website\"},\"datePublished\":\"2023-07-12T16:26:40+00:00\",\"dateModified\":\"2025-10-24T17:56:00+00:00\",\"breadcrumb\":{\"@id\":\"https:\/\/festivaldemusicavisualdelanzarote.com\/de\/vorherige-ausgaben\/#breadcrumb\"},\"inLanguage\":\"de\",\"potentialAction\":[{\"@type\":\"ReadAction\",\"target\":[\"https:\/\/festivaldemusicavisualdelanzarote.com\/de\/vorherige-ausgaben\/\"]}]},{\"@type\":\"BreadcrumbList\",\"@id\":\"https:\/\/festivaldemusicavisualdelanzarote.com\/de\/vorherige-ausgaben\/#breadcrumb\",\"itemListElement\":[{\"@type\":\"ListItem\",\"position\":1,\"name\":\"Portada\",\"item\":\"https:\/\/festivaldemusicavisualdelanzarote.com\/de\/\"},{\"@type\":\"ListItem\",\"position\":2,\"name\":\"VORHERIGE AUSGABEN 2018\"}]},{\"@type\":\"WebSite\",\"@id\":\"https:\/\/festivaldemusicavisualdelanzarote.com\/de\/#website\",\"url\":\"https:\/\/festivaldemusicavisualdelanzarote.com\/de\/\",\"name\":\"Festival de M\u00fasica de Lanzarote\",\"description\":\"Festival de m\u00fasica contempor\u00e1nea en Lanzarote\",\"publisher\":{\"@id\":\"https:\/\/festivaldemusicavisualdelanzarote.com\/de\/#organization\"},\"potentialAction\":[{\"@type\":\"SearchAction\",\"target\":{\"@type\":\"EntryPoint\",\"urlTemplate\":\"https:\/\/festivaldemusicavisualdelanzarote.com\/de\/?s={search_term_string}\"},\"query-input\":{\"@type\":\"PropertyValueSpecification\",\"valueRequired\":true,\"valueName\":\"search_term_string\"}}],\"inLanguage\":\"de\"},{\"@type\":\"Organization\",\"@id\":\"https:\/\/festivaldemusicavisualdelanzarote.com\/de\/#organization\",\"name\":\"Festival de M\u00fasica de Lanzarote\",\"url\":\"https:\/\/festivaldemusicavisualdelanzarote.com\/de\/\",\"logo\":{\"@type\":\"ImageObject\",\"inLanguage\":\"de\",\"@id\":\"https:\/\/festivaldemusicavisualdelanzarote.com\/de\/#\/schema\/logo\/image\/\",\"url\":\"https:\/\/festivaldemusicavisualdelanzarote.com\/wp-content\/uploads\/2023\/07\/ELEMENTOS-WEB-1-34.png\",\"contentUrl\":\"https:\/\/festivaldemusicavisualdelanzarote.com\/wp-content\/uploads\/2023\/07\/ELEMENTOS-WEB-1-34.png\",\"width\":481,\"height\":477,\"caption\":\"Festival de M\u00fasica de Lanzarote\"},\"image\":{\"@id\":\"https:\/\/festivaldemusicavisualdelanzarote.com\/de\/#\/schema\/logo\/image\/\"},\"sameAs\":[\"https:\/\/www.facebook.com\/FestivaldeMusicaVisualdeLanzarote\",\"https:\/\/www.instagram.com\/festivalmusicavisuallzt\/\"]}]}<\/script>\n<!-- \/ Yoast SEO plugin. -->","yoast_head_json":{"title":"VORHERIGE AUSGABEN 2018 - Festival de M\u00fasica de Lanzarote","robots":{"index":"index","follow":"follow","max-snippet":"max-snippet:-1","max-image-preview":"max-image-preview:large","max-video-preview":"max-video-preview:-1"},"canonical":"https:\/\/festivaldemusicavisualdelanzarote.com\/de\/vorherige-ausgaben\/","og_locale":"de_DE","og_type":"article","og_title":"VORHERIGE AUSGABEN 2018 - Festival de M\u00fasica de Lanzarote","og_description":"EDITION 2024FR\u00dcHERE JAHRE","og_url":"https:\/\/festivaldemusicavisualdelanzarote.com\/de\/vorherige-ausgaben\/","og_site_name":"Festival de M\u00fasica de Lanzarote","article_publisher":"https:\/\/www.facebook.com\/FestivaldeMusicaVisualdeLanzarote","article_modified_time":"2025-10-24T17:56:00+00:00","twitter_card":"summary_large_image","twitter_misc":{"Gesch\u00e4tzte Lesezeit":"8\u00a0Minuten"},"schema":{"@context":"https:\/\/schema.org","@graph":[{"@type":"WebPage","@id":"https:\/\/festivaldemusicavisualdelanzarote.com\/de\/vorherige-ausgaben\/","url":"https:\/\/festivaldemusicavisualdelanzarote.com\/de\/vorherige-ausgaben\/","name":"VORHERIGE AUSGABEN 2018 - Festival de M\u00fasica de Lanzarote","isPartOf":{"@id":"https:\/\/festivaldemusicavisualdelanzarote.com\/de\/#website"},"datePublished":"2023-07-12T16:26:40+00:00","dateModified":"2025-10-24T17:56:00+00:00","breadcrumb":{"@id":"https:\/\/festivaldemusicavisualdelanzarote.com\/de\/vorherige-ausgaben\/#breadcrumb"},"inLanguage":"de","potentialAction":[{"@type":"ReadAction","target":["https:\/\/festivaldemusicavisualdelanzarote.com\/de\/vorherige-ausgaben\/"]}]},{"@type":"BreadcrumbList","@id":"https:\/\/festivaldemusicavisualdelanzarote.com\/de\/vorherige-ausgaben\/#breadcrumb","itemListElement":[{"@type":"ListItem","position":1,"name":"Portada","item":"https:\/\/festivaldemusicavisualdelanzarote.com\/de\/"},{"@type":"ListItem","position":2,"name":"VORHERIGE AUSGABEN 2018"}]},{"@type":"WebSite","@id":"https:\/\/festivaldemusicavisualdelanzarote.com\/de\/#website","url":"https:\/\/festivaldemusicavisualdelanzarote.com\/de\/","name":"Festival de M\u00fasica de Lanzarote","description":"Festival de m\u00fasica contempor\u00e1nea en Lanzarote","publisher":{"@id":"https:\/\/festivaldemusicavisualdelanzarote.com\/de\/#organization"},"potentialAction":[{"@type":"SearchAction","target":{"@type":"EntryPoint","urlTemplate":"https:\/\/festivaldemusicavisualdelanzarote.com\/de\/?s={search_term_string}"},"query-input":{"@type":"PropertyValueSpecification","valueRequired":true,"valueName":"search_term_string"}}],"inLanguage":"de"},{"@type":"Organization","@id":"https:\/\/festivaldemusicavisualdelanzarote.com\/de\/#organization","name":"Festival de M\u00fasica de Lanzarote","url":"https:\/\/festivaldemusicavisualdelanzarote.com\/de\/","logo":{"@type":"ImageObject","inLanguage":"de","@id":"https:\/\/festivaldemusicavisualdelanzarote.com\/de\/#\/schema\/logo\/image\/","url":"https:\/\/festivaldemusicavisualdelanzarote.com\/wp-content\/uploads\/2023\/07\/ELEMENTOS-WEB-1-34.png","contentUrl":"https:\/\/festivaldemusicavisualdelanzarote.com\/wp-content\/uploads\/2023\/07\/ELEMENTOS-WEB-1-34.png","width":481,"height":477,"caption":"Festival de M\u00fasica de Lanzarote"},"image":{"@id":"https:\/\/festivaldemusicavisualdelanzarote.com\/de\/#\/schema\/logo\/image\/"},"sameAs":["https:\/\/www.facebook.com\/FestivaldeMusicaVisualdeLanzarote","https:\/\/www.instagram.com\/festivalmusicavisuallzt\/"]}]}},"_links":{"self":[{"href":"https:\/\/festivaldemusicavisualdelanzarote.com\/de\/wp-json\/wp\/v2\/pages\/5358","targetHints":{"allow":["GET"]}}],"collection":[{"href":"https:\/\/festivaldemusicavisualdelanzarote.com\/de\/wp-json\/wp\/v2\/pages"}],"about":[{"href":"https:\/\/festivaldemusicavisualdelanzarote.com\/de\/wp-json\/wp\/v2\/types\/page"}],"author":[{"embeddable":true,"href":"https:\/\/festivaldemusicavisualdelanzarote.com\/de\/wp-json\/wp\/v2\/users\/5"}],"replies":[{"embeddable":true,"href":"https:\/\/festivaldemusicavisualdelanzarote.com\/de\/wp-json\/wp\/v2\/comments?post=5358"}],"version-history":[{"count":28,"href":"https:\/\/festivaldemusicavisualdelanzarote.com\/de\/wp-json\/wp\/v2\/pages\/5358\/revisions"}],"predecessor-version":[{"id":8745,"href":"https:\/\/festivaldemusicavisualdelanzarote.com\/de\/wp-json\/wp\/v2\/pages\/5358\/revisions\/8745"}],"wp:attachment":[{"href":"https:\/\/festivaldemusicavisualdelanzarote.com\/de\/wp-json\/wp\/v2\/media?parent=5358"}],"curies":[{"name":"wp","href":"https:\/\/api.w.org\/{rel}","templated":true}]}}