{"id":6348,"date":"2023-07-12T18:39:22","date_gmt":"2023-07-12T16:39:22","guid":{"rendered":"https:\/\/festivaldemusicavisualdelanzarote.com\/rechtlicher-hinweis\/"},"modified":"2025-04-01T14:32:33","modified_gmt":"2025-04-01T12:32:33","slug":"rechtlicher-hinweis","status":"publish","type":"page","link":"https:\/\/festivaldemusicavisualdelanzarote.com\/de\/rechtlicher-hinweis\/","title":{"rendered":"RECHTLICHER HINWEIS"},"content":{"rendered":"<p>[et_pb_section fb_built=&#8220;1&#8243; theme_builder_area=&#8220;post_content&#8220; _builder_version=&#8220;4.27.4&#8243; _module_preset=&#8220;default&#8220; da_is_popup=&#8220;off&#8220; da_exit_intent=&#8220;off&#8220; da_has_close=&#8220;on&#8220; da_alt_close=&#8220;off&#8220; da_dark_close=&#8220;off&#8220; da_not_modal=&#8220;on&#8220; da_is_singular=&#8220;off&#8220; da_with_loader=&#8220;off&#8220; da_has_shadow=&#8220;on&#8220; da_disable_devices=&#8220;off|off|off&#8220;][et_pb_row _builder_version=&#8220;4.27.4&#8243; _module_preset=&#8220;default&#8220; theme_builder_area=&#8220;post_content&#8220;][et_pb_column _builder_version=&#8220;4.27.4&#8243; _module_preset=&#8220;default&#8220; type=&#8220;4_4&#8243; theme_builder_area=&#8220;post_content&#8220;][et_pb_text _builder_version=&#8220;4.27.4&#8243; _module_preset=&#8220;default&#8220; theme_builder_area=&#8220;post_content&#8220; hover_enabled=&#8220;0&#8243; sticky_enabled=&#8220;0&#8243;]<\/p>\n<h1>RECHTLICHER HINWEIS<\/h1>\n<p>[\/et_pb_text][et_pb_text _builder_version=&#8220;4.27.4&#8243; _module_preset=&#8220;default&#8220; theme_builder_area=&#8220;post_content&#8220; hover_enabled=&#8220;0&#8243; sticky_enabled=&#8220;0&#8243;]<\/p>\n<p style=\"font-weight: 400;\">Zweck dieser Allgemeinen Gesch\u00e4ftsbedingungen ist es, die Regeln f\u00fcr die Nutzung der Website (im Folgenden die &#8222;Website&#8220;) festzulegen und zu regeln.<\/p>\n<p style=\"font-weight: 400;\">Der Zugriff auf die Website und die Nutzung ihrer Dienste setzt die ausdr\u00fcckliche und vollst\u00e4ndige Zustimmung zu allen in diesem rechtlichen Hinweis enthaltenen Allgemeinen Nutzungsbedingungen voraus, einschlie\u00dflich der Allgemeinen Gesch\u00e4ftsbedingungen sowie der Datenschutz- und Cookie-Richtlinie, die sich auf die Zwecke der Verarbeitung der von Ihnen zur Verf\u00fcgung gestellten Daten beziehen. Wir empfehlen Ihnen, diese sorgf\u00e4ltig zu lesen. <\/p>\n<p style=\"font-weight: 400;\">\n<p style=\"font-weight: 400;\">\n<p style=\"font-weight: 400;\"><strong>1.- Rechtliche Informationen.<\/strong><\/p>\n<p style=\"font-weight: 400;\">In \u00dcbereinstimmung mit dem Gesetz 34\/2002 vom 11. Juli \u00fcber die Dienste der Informationsgesellschaft und den elektronischen Handel lauten die Identifikationsdaten des Eigent\u00fcmers des Webportals:<\/p>\n<p style=\"font-weight: 400;\">\n<p style=\"font-weight: 400;\">CABILDO DE LANZAROTE<\/p>\n<p style=\"font-weight: 400;\">MEHRWERTSTEUER-NUMMER: P3500002E<\/p>\n<p style=\"font-weight: 400;\">Avenida Fred Olsen, s\/n, 35500, Arrecife, Lanzarote<\/p>\n<p style=\"font-weight: 400;\">\n<p style=\"font-weight: 400;\">\n<p style=\"font-weight: 400;\"><strong>2.- Allgemeine Nutzungsbedingungen.<\/strong><\/p>\n<p style=\"font-weight: 400;\"><strong> <\/strong><\/p>\n<p style=\"font-weight: 400;\">Die folgenden Allgemeinen Bedingungen regeln die Nutzung des Webportals und den Zugang zu ihm. Sie dienen dazu, Richtlinien f\u00fcr die ordnungsgem\u00e4\u00dfe Nutzung und das richtige Verhalten festzulegen. CABILDO DE LANZAROTE, stellt den Nutzern zur Verf\u00fcgung <span>  <\/span>um an den verschiedenen Vorschl\u00e4gen teilzunehmen.<\/p>\n<p style=\"font-weight: 400;\">\n<p style=\"font-weight: 400;\">Der Nutzer verpflichtet sich, die zug\u00e4nglichen Inhalte in angemessener Weise zu nutzen, vorbehaltlich des Gesetzes und der vorliegenden allgemeinen Nutzungsbedingungen sowie gegebenenfalls der besonderen Bedingungen, die f\u00fcr den Zugang zu bestimmten Diensten und Anwendungen festgelegt werden k\u00f6nnen, und dabei jederzeit die anderen Nutzer zu respektieren.<\/p>\n<p style=\"font-weight: 400;\">\n<p style=\"font-weight: 400;\">In jedem Fall verpflichtet sich der Benutzer, die Inhalte und Dienstleistungen, die CABILDO DE LANZAROTE \u00fcber<span>  <\/span>auf der Website anbietet, angemessen zu nutzen, einschlie\u00dflich aber nicht beschr\u00e4nkt auf:<\/p>\n<p style=\"font-weight: 400;\">\n<ul style=\"font-weight: 400;\">\n<li>keine Handlungen vorzunehmen, die darauf abzielen, die Funktionalit\u00e4ten, Tools, Inhalte und\/oder die Infrastruktur der Website zu besch\u00e4digen, zu blockieren, zu besch\u00e4digen, unbrauchbar zu machen, vor\u00fcbergehend oder dauerhaft zu \u00fcberlasten, so dass ihre normale Nutzung verhindert wird.<\/li>\n<li>die Vertraulichkeit der mit ihrem Benutzernamen verbundenen Zugangscodes zu wahren und zu sch\u00fctzen und f\u00fcr die Verwendung dieser pers\u00f6nlichen und nicht \u00fcbertragbaren Zugangscodes durch Dritte verantwortlich zu sein.<\/li>\n<li>sich nicht an Aktivit\u00e4ten zu beteiligen, die ungesetzlich oder illegal sind oder gegen Treu und Glauben und die \u00f6ffentliche Ordnung versto\u00dfen.<\/li>\n<li>die auf dieser Website enthaltenen Materialien und Informationen nicht f\u00fcr unerlaubte Zwecke und\/oder Zwecke zu verwenden, die in diesen Allgemeinen Nutzungsbedingungen sowie in den besonderen Bedingungen, die gegebenenfalls f\u00fcr bestimmte Anwendungen und\/oder Dienstprogramme festgelegt sind, ausdr\u00fccklich untersagt sind und die den Rechten und Interessen von CABILDO DE LANZAROTE, seinen Nutzern und\/oder Dritten zuwiderlaufen.<\/li>\n<\/ul>\n<ul>\n<li>\u00dcber die Webseiten von CABILDO DE LANZAROTE keine Computerprogramme, Daten, Viren oder Codes einzuf\u00fchren, zu speichern oder zu verbreiten, die Sch\u00e4den an den Diensten oder an den Ger\u00e4ten, Systemen oder Netzwerken von CABILDO DE LANZAROTE oder allgemein von Dritten verursachen k\u00f6nnen oder die auf irgendeine andere Art und Weise in der Lage sind, irgendeine Art von Ver\u00e4nderung zu verursachen oder das normale Funktionieren derselben zu behindern.<\/li>\n<li>Daten, Informationen, Programme oder elektronische Dokumente von CABILDO DE LANZAROTE oder Dritten nicht zu zerst\u00f6ren, zu ver\u00e4ndern, f\u00fcr den Gebrauch zu verwenden, unbrauchbar zu machen oder zu besch\u00e4digen.<\/li>\n<\/ul>\n<p style=\"font-weight: 400;\">\n<p style=\"font-weight: 400;\">Im Falle eines Versto\u00dfes gegen die oben genannten Bedingungen beh\u00e4lt sich CABILDO DE LANZAROTE das Recht vor und ist berechtigt, den Zugang zu den Webseiten von CABILDO DE LANZAROTE und deren Nutzung unverz\u00fcglich und ohne Vorank\u00fcndigung zu sperren, auszusetzen oder zu l\u00f6schen und gegebenenfalls vermeintliche oder erkl\u00e4rte illegale Inhalte zu entfernen, entweder nach eigenem Ermessen oder auf Antrag des betroffenen Dritten oder der zust\u00e4ndigen Beh\u00f6rde. Ebenso beh\u00e4lt sich CABILDO DE LANZAROTE f\u00fcr den Fall, dass die Handlungen des Nutzers, die gegen die oben genannten Bedingungen versto\u00dfen, betr\u00fcgerisch sind, das Recht vor, diese Handlungen an die staatlichen Sicherheitskr\u00e4fte und an die Gerichte weiterzuleiten. <\/p>\n<p style=\"font-weight: 400;\">\n<p style=\"font-weight: 400;\">\n<p style=\"font-weight: 400;\"><strong>3.- Geistiges und gewerbliches Eigentum.<\/strong><\/p>\n<p style=\"font-weight: 400;\"><strong> <\/strong><\/p>\n<p style=\"font-weight: 400;\">CABILDO DE LANZAROTE ist der Inhaber der geistigen Eigentumsrechte an den Werken und Dienstleistungen, aus denen diese Website besteht, oder verf\u00fcgt \u00fcber die Abtretung ihrer Nutzung. Dies gilt f\u00fcr das grafische Design und die Software dieser Website sowie f\u00fcr die darin enthaltenen Texte, Bilder und Aufnahmen. Die Vervielf\u00e4ltigung, Verbreitung, \u00f6ffentliche Wiedergabe oder Umgestaltung dieser Werke und Dienstleistungen erfordert die Genehmigung des Eigent\u00fcmers, abgesehen von den Aktivit\u00e4ten, die direkt durch das Recht am geistigen Eigentum erlaubt sind.  <\/p>\n<p style=\"font-weight: 400;\">\n<p style=\"font-weight: 400;\">Wenn eine Person der Ansicht ist, dass diese Website oder ihr Inhalt ein geistiges oder gewerbliches Eigentumsrecht verletzt, muss sie<span>  <\/span>CABILDO DE LANZAROTE unter Angabe ihres Namens, des Rechtsinhabers (mit entsprechendem Nachweis oder Akkreditierung) und des Gegenstands des angeblich verletzten Rechts informieren.<\/p>\n<p style=\"font-weight: 400;\">\n<p style=\"font-weight: 400;\">Der Benutzer ist nicht berechtigt, die auf dieser Website enthaltenen Informationen in irgendeiner Form und zu irgendeinem Zweck zu verbreiten, zu ver\u00e4ndern, zu \u00fcbertragen oder \u00f6ffentlich bekannt zu machen.<\/p>\n<p style=\"font-weight: 400;\">\n<p style=\"font-weight: 400;\"><strong>4.-<span>  <\/span>Verantwortung.<\/strong><\/p>\n<p style=\"font-weight: 400;\"><strong> <\/strong><\/p>\n<p style=\"font-weight: 400;\">CABILDO DE LANZAROTE haftet nicht f\u00fcr Sch\u00e4den, die sich aus folgenden Gr\u00fcnden ergeben k\u00f6nnen:<\/p>\n<ul>\n<li>St\u00f6rungen, Unterbrechungen, Ausf\u00e4lle, Vers\u00e4umnisse, Verz\u00f6gerungen, Blockaden oder Unterbrechungen, die durch Fehler in den Telekommunikationsleitungen und -netzen oder durch andere Ursachen au\u00dferhalb der Kontrolle von CABILDO DE LANZAROTE verursacht werden.<\/li>\n<li>Unerlaubte Eingriffe durch die Verwendung von b\u00f6sartiger Software jeglicher Art und durch jegliche Art von Kommunikationsmitteln, wie z.B. Computerviren oder andere Kommunikationsmittel<\/li>\n<li>Diese k\u00f6nnen von Dritten durch unrechtm\u00e4\u00dfige Eingriffe verursacht werden, die sich der Kontrolle von CABILDO DE LANZAROTE entziehen und nicht auf diese zur\u00fcckgef\u00fchrt werden k\u00f6nnen.<\/li>\n<li>Die Unm\u00f6glichkeit, die Dienstleistung zu erbringen oder den Zugang zu gew\u00e4hren, aus Gr\u00fcnden, die CABILDO DE LANZAROTE nicht zuzuschreiben sind, oder aufgrund h\u00f6herer Gewalt.<\/li>\n<li>Die Website des CABILDO DE LANZAROTE kann Links zu den elektronischen B\u00fcros anderer \u00f6ffentlicher Verwaltungen oder zu den Websites anderer Einrichtungen, Unternehmen oder Institutionen enthalten, um den B\u00fcrgern die Suche nach Informationen und Ressourcen \u00fcber das Internet zu erleichtern. Diese Seiten geh\u00f6ren jedoch nicht zu CABILDO DE LANZAROTE und daher ist CABILDO DE LANZAROTE nicht verantwortlich f\u00fcr deren Inhalt, Betrieb oder die m\u00f6glichen Folgen, die sich aus dem Zugriff oder der Nutzung dieser Seiten ergeben k\u00f6nnen. <\/li>\n<\/ul>\n<p style=\"font-weight: 400;\">\n<p style=\"font-weight: 400;\">\n<p style=\"font-weight: 400;\"><strong>5.- Schutz pers\u00f6nlicher Daten.<\/strong><\/p>\n<p style=\"font-weight: 400;\">Die gesamte Politik zur Verarbeitung personenbezogener Daten finden Sie in der Datenschutzerkl\u00e4rung, die integraler Bestandteil dieser Allgemeinen Gesch\u00e4ftsbedingungen ist, die wir jedoch der Einfachheit halber in einem separaten Dokument untergebracht haben: <u>Datenschutzerkl\u00e4rung<\/u>.<\/p>\n<p style=\"font-weight: 400;\">\n<p style=\"font-weight: 400;\"><strong>6.- Gesetzgebung.<\/strong><\/p>\n<p style=\"font-weight: 400;\">Dieser rechtliche Hinweis und seine Bedingungen unterliegen dem spanischen Recht und werden nach diesem ausgelegt. Mit dem blo\u00dfen Zugriff auf die Website oder der Erlangung des Status eines registrierten Benutzers erkl\u00e4rt sich der Benutzer unwiderruflich damit einverstanden, dass die zust\u00e4ndigen Gerichte f\u00fcr alle Rechtsstreitigkeiten zust\u00e4ndig sind, die sich aus diesen Bedingungen oder aus der Nutzung dieser Website ergeben oder damit zusammenh\u00e4ngen. <\/p>\n<p style=\"font-weight: 400;\">\n<p style=\"font-weight: 400;\">Sollte eine Klausel oder ein Abschnitt dieser Allgemeinen Bedingungen, die f\u00fcr den Bestand der Bedingungen nicht wesentlich sind, f\u00fcr nichtig oder unanwendbar erkl\u00e4rt werden, so wird die G\u00fcltigkeit der \u00fcbrigen Klauseln davon nicht ber\u00fchrt.<\/p>\n<p style=\"font-weight: 400;\"><strong> <\/strong><\/p>\n<p style=\"font-weight: 400;\"><strong> <\/strong><\/p>\n<p>[\/et_pb_text][\/et_pb_column][\/et_pb_row][\/et_pb_section]<\/p>\n","protected":false},"excerpt":{"rendered":"<p>RECHTLICHER HINWEISZweck dieser Allgemeinen Gesch\u00e4ftsbedingungen ist es, die Regeln f\u00fcr die Nutzung der Website (im Folgenden die &#8222;Website&#8220;) festzulegen und zu regeln. Der Zugriff auf die Website und die Nutzung ihrer Dienste setzt die ausdr\u00fcckliche und vollst\u00e4ndige Zustimmung zu allen in diesem rechtlichen Hinweis enthaltenen Allgemeinen Nutzungsbedingungen voraus, einschlie\u00dflich der Allgemeinen Gesch\u00e4ftsbedingungen sowie der Datenschutz- [&hellip;]<\/p>\n","protected":false},"author":5,"featured_media":0,"parent":0,"menu_order":0,"comment_status":"closed","ping_status":"closed","template":"","meta":{"_et_pb_use_builder":"on","_et_pb_old_content":"","_et_gb_content_width":"","footnotes":""},"class_list":["post-6348","page","type-page","status-publish","hentry"],"yoast_head":"<!-- This site is optimized with the Yoast SEO plugin v25.3.1 - https:\/\/yoast.com\/wordpress\/plugins\/seo\/ -->\n<title>RECHTLICHER HINWEIS - Festival de M\u00fasica de Lanzarote<\/title>\n<meta name=\"robots\" content=\"index, follow, max-snippet:-1, max-image-preview:large, max-video-preview:-1\" \/>\n<link rel=\"canonical\" href=\"https:\/\/festivaldemusicavisualdelanzarote.com\/de\/rechtlicher-hinweis\/\" \/>\n<meta property=\"og:locale\" content=\"de_DE\" \/>\n<meta property=\"og:type\" content=\"article\" \/>\n<meta property=\"og:title\" content=\"RECHTLICHER HINWEIS - Festival de M\u00fasica de Lanzarote\" \/>\n<meta property=\"og:description\" content=\"RECHTLICHER HINWEISZweck dieser Allgemeinen Gesch\u00e4ftsbedingungen ist es, die Regeln f\u00fcr die Nutzung der Website (im Folgenden die &quot;Website&quot;) festzulegen und zu regeln. Der Zugriff auf die Website und die Nutzung ihrer Dienste setzt die ausdr\u00fcckliche und vollst\u00e4ndige Zustimmung zu allen in diesem rechtlichen Hinweis enthaltenen Allgemeinen Nutzungsbedingungen voraus, einschlie\u00dflich der Allgemeinen Gesch\u00e4ftsbedingungen sowie der Datenschutz- [&hellip;]\" \/>\n<meta property=\"og:url\" content=\"https:\/\/festivaldemusicavisualdelanzarote.com\/de\/rechtlicher-hinweis\/\" \/>\n<meta property=\"og:site_name\" content=\"Festival de M\u00fasica de Lanzarote\" \/>\n<meta property=\"article:publisher\" content=\"https:\/\/www.facebook.com\/FestivaldeMusicaVisualdeLanzarote\" \/>\n<meta property=\"article:modified_time\" content=\"2025-04-01T12:32:33+00:00\" \/>\n<meta name=\"twitter:card\" content=\"summary_large_image\" \/>\n<meta name=\"twitter:label1\" content=\"Gesch\u00e4tzte Lesezeit\" \/>\n\t<meta name=\"twitter:data1\" content=\"6\u00a0Minuten\" \/>\n<script type=\"application\/ld+json\" class=\"yoast-schema-graph\">{\"@context\":\"https:\/\/schema.org\",\"@graph\":[{\"@type\":\"WebPage\",\"@id\":\"https:\/\/festivaldemusicavisualdelanzarote.com\/de\/rechtlicher-hinweis\/\",\"url\":\"https:\/\/festivaldemusicavisualdelanzarote.com\/de\/rechtlicher-hinweis\/\",\"name\":\"RECHTLICHER HINWEIS - Festival de M\u00fasica de Lanzarote\",\"isPartOf\":{\"@id\":\"https:\/\/festivaldemusicavisualdelanzarote.com\/de\/#website\"},\"datePublished\":\"2023-07-12T16:39:22+00:00\",\"dateModified\":\"2025-04-01T12:32:33+00:00\",\"breadcrumb\":{\"@id\":\"https:\/\/festivaldemusicavisualdelanzarote.com\/de\/rechtlicher-hinweis\/#breadcrumb\"},\"inLanguage\":\"de\",\"potentialAction\":[{\"@type\":\"ReadAction\",\"target\":[\"https:\/\/festivaldemusicavisualdelanzarote.com\/de\/rechtlicher-hinweis\/\"]}]},{\"@type\":\"BreadcrumbList\",\"@id\":\"https:\/\/festivaldemusicavisualdelanzarote.com\/de\/rechtlicher-hinweis\/#breadcrumb\",\"itemListElement\":[{\"@type\":\"ListItem\",\"position\":1,\"name\":\"Portada\",\"item\":\"https:\/\/festivaldemusicavisualdelanzarote.com\/de\/\"},{\"@type\":\"ListItem\",\"position\":2,\"name\":\"RECHTLICHER HINWEIS\"}]},{\"@type\":\"WebSite\",\"@id\":\"https:\/\/festivaldemusicavisualdelanzarote.com\/de\/#website\",\"url\":\"https:\/\/festivaldemusicavisualdelanzarote.com\/de\/\",\"name\":\"Festival de M\u00fasica de Lanzarote\",\"description\":\"Festival de m\u00fasica contempor\u00e1nea en Lanzarote\",\"publisher\":{\"@id\":\"https:\/\/festivaldemusicavisualdelanzarote.com\/de\/#organization\"},\"potentialAction\":[{\"@type\":\"SearchAction\",\"target\":{\"@type\":\"EntryPoint\",\"urlTemplate\":\"https:\/\/festivaldemusicavisualdelanzarote.com\/de\/?s={search_term_string}\"},\"query-input\":{\"@type\":\"PropertyValueSpecification\",\"valueRequired\":true,\"valueName\":\"search_term_string\"}}],\"inLanguage\":\"de\"},{\"@type\":\"Organization\",\"@id\":\"https:\/\/festivaldemusicavisualdelanzarote.com\/de\/#organization\",\"name\":\"Festival de M\u00fasica de Lanzarote\",\"url\":\"https:\/\/festivaldemusicavisualdelanzarote.com\/de\/\",\"logo\":{\"@type\":\"ImageObject\",\"inLanguage\":\"de\",\"@id\":\"https:\/\/festivaldemusicavisualdelanzarote.com\/de\/#\/schema\/logo\/image\/\",\"url\":\"https:\/\/festivaldemusicavisualdelanzarote.com\/wp-content\/uploads\/2023\/07\/ELEMENTOS-WEB-1-34.png\",\"contentUrl\":\"https:\/\/festivaldemusicavisualdelanzarote.com\/wp-content\/uploads\/2023\/07\/ELEMENTOS-WEB-1-34.png\",\"width\":481,\"height\":477,\"caption\":\"Festival de M\u00fasica de Lanzarote\"},\"image\":{\"@id\":\"https:\/\/festivaldemusicavisualdelanzarote.com\/de\/#\/schema\/logo\/image\/\"},\"sameAs\":[\"https:\/\/www.facebook.com\/FestivaldeMusicaVisualdeLanzarote\",\"https:\/\/www.instagram.com\/festivalmusicavisuallzt\/\"]}]}<\/script>\n<!-- \/ Yoast SEO plugin. -->","yoast_head_json":{"title":"RECHTLICHER HINWEIS - Festival de M\u00fasica de Lanzarote","robots":{"index":"index","follow":"follow","max-snippet":"max-snippet:-1","max-image-preview":"max-image-preview:large","max-video-preview":"max-video-preview:-1"},"canonical":"https:\/\/festivaldemusicavisualdelanzarote.com\/de\/rechtlicher-hinweis\/","og_locale":"de_DE","og_type":"article","og_title":"RECHTLICHER HINWEIS - Festival de M\u00fasica de Lanzarote","og_description":"RECHTLICHER HINWEISZweck dieser Allgemeinen Gesch\u00e4ftsbedingungen ist es, die Regeln f\u00fcr die Nutzung der Website (im Folgenden die \"Website\") festzulegen und zu regeln. Der Zugriff auf die Website und die Nutzung ihrer Dienste setzt die ausdr\u00fcckliche und vollst\u00e4ndige Zustimmung zu allen in diesem rechtlichen Hinweis enthaltenen Allgemeinen Nutzungsbedingungen voraus, einschlie\u00dflich der Allgemeinen Gesch\u00e4ftsbedingungen sowie der Datenschutz- [&hellip;]","og_url":"https:\/\/festivaldemusicavisualdelanzarote.com\/de\/rechtlicher-hinweis\/","og_site_name":"Festival de M\u00fasica de Lanzarote","article_publisher":"https:\/\/www.facebook.com\/FestivaldeMusicaVisualdeLanzarote","article_modified_time":"2025-04-01T12:32:33+00:00","twitter_card":"summary_large_image","twitter_misc":{"Gesch\u00e4tzte Lesezeit":"6\u00a0Minuten"},"schema":{"@context":"https:\/\/schema.org","@graph":[{"@type":"WebPage","@id":"https:\/\/festivaldemusicavisualdelanzarote.com\/de\/rechtlicher-hinweis\/","url":"https:\/\/festivaldemusicavisualdelanzarote.com\/de\/rechtlicher-hinweis\/","name":"RECHTLICHER HINWEIS - Festival de M\u00fasica de Lanzarote","isPartOf":{"@id":"https:\/\/festivaldemusicavisualdelanzarote.com\/de\/#website"},"datePublished":"2023-07-12T16:39:22+00:00","dateModified":"2025-04-01T12:32:33+00:00","breadcrumb":{"@id":"https:\/\/festivaldemusicavisualdelanzarote.com\/de\/rechtlicher-hinweis\/#breadcrumb"},"inLanguage":"de","potentialAction":[{"@type":"ReadAction","target":["https:\/\/festivaldemusicavisualdelanzarote.com\/de\/rechtlicher-hinweis\/"]}]},{"@type":"BreadcrumbList","@id":"https:\/\/festivaldemusicavisualdelanzarote.com\/de\/rechtlicher-hinweis\/#breadcrumb","itemListElement":[{"@type":"ListItem","position":1,"name":"Portada","item":"https:\/\/festivaldemusicavisualdelanzarote.com\/de\/"},{"@type":"ListItem","position":2,"name":"RECHTLICHER HINWEIS"}]},{"@type":"WebSite","@id":"https:\/\/festivaldemusicavisualdelanzarote.com\/de\/#website","url":"https:\/\/festivaldemusicavisualdelanzarote.com\/de\/","name":"Festival de M\u00fasica de Lanzarote","description":"Festival de m\u00fasica contempor\u00e1nea en Lanzarote","publisher":{"@id":"https:\/\/festivaldemusicavisualdelanzarote.com\/de\/#organization"},"potentialAction":[{"@type":"SearchAction","target":{"@type":"EntryPoint","urlTemplate":"https:\/\/festivaldemusicavisualdelanzarote.com\/de\/?s={search_term_string}"},"query-input":{"@type":"PropertyValueSpecification","valueRequired":true,"valueName":"search_term_string"}}],"inLanguage":"de"},{"@type":"Organization","@id":"https:\/\/festivaldemusicavisualdelanzarote.com\/de\/#organization","name":"Festival de M\u00fasica de Lanzarote","url":"https:\/\/festivaldemusicavisualdelanzarote.com\/de\/","logo":{"@type":"ImageObject","inLanguage":"de","@id":"https:\/\/festivaldemusicavisualdelanzarote.com\/de\/#\/schema\/logo\/image\/","url":"https:\/\/festivaldemusicavisualdelanzarote.com\/wp-content\/uploads\/2023\/07\/ELEMENTOS-WEB-1-34.png","contentUrl":"https:\/\/festivaldemusicavisualdelanzarote.com\/wp-content\/uploads\/2023\/07\/ELEMENTOS-WEB-1-34.png","width":481,"height":477,"caption":"Festival de M\u00fasica de Lanzarote"},"image":{"@id":"https:\/\/festivaldemusicavisualdelanzarote.com\/de\/#\/schema\/logo\/image\/"},"sameAs":["https:\/\/www.facebook.com\/FestivaldeMusicaVisualdeLanzarote","https:\/\/www.instagram.com\/festivalmusicavisuallzt\/"]}]}},"_links":{"self":[{"href":"https:\/\/festivaldemusicavisualdelanzarote.com\/de\/wp-json\/wp\/v2\/pages\/6348","targetHints":{"allow":["GET"]}}],"collection":[{"href":"https:\/\/festivaldemusicavisualdelanzarote.com\/de\/wp-json\/wp\/v2\/pages"}],"about":[{"href":"https:\/\/festivaldemusicavisualdelanzarote.com\/de\/wp-json\/wp\/v2\/types\/page"}],"author":[{"embeddable":true,"href":"https:\/\/festivaldemusicavisualdelanzarote.com\/de\/wp-json\/wp\/v2\/users\/5"}],"replies":[{"embeddable":true,"href":"https:\/\/festivaldemusicavisualdelanzarote.com\/de\/wp-json\/wp\/v2\/comments?post=6348"}],"version-history":[{"count":3,"href":"https:\/\/festivaldemusicavisualdelanzarote.com\/de\/wp-json\/wp\/v2\/pages\/6348\/revisions"}],"predecessor-version":[{"id":7636,"href":"https:\/\/festivaldemusicavisualdelanzarote.com\/de\/wp-json\/wp\/v2\/pages\/6348\/revisions\/7636"}],"wp:attachment":[{"href":"https:\/\/festivaldemusicavisualdelanzarote.com\/de\/wp-json\/wp\/v2\/media?parent=6348"}],"curies":[{"name":"wp","href":"https:\/\/api.w.org\/{rel}","templated":true}]}}