{"id":6352,"date":"2023-07-12T18:39:22","date_gmt":"2023-07-12T16:39:22","guid":{"rendered":"https:\/\/festivaldemusicavisualdelanzarote.com\/avis-juridique\/"},"modified":"2025-04-01T14:32:33","modified_gmt":"2025-04-01T12:32:33","slug":"avis-juridique","status":"publish","type":"page","link":"https:\/\/festivaldemusicavisualdelanzarote.com\/fr\/avis-juridique\/","title":{"rendered":"AVIS JURIDIQUE"},"content":{"rendered":"<p>[et_pb_section fb_built=\u00a0\u00bb1&Prime; theme_builder_area=\u00a0\u00bbpost_content\u00a0\u00bb _builder_version=\u00a0\u00bb4.27.4&Prime; _module_preset=\u00a0\u00bbdefault\u00a0\u00bb da_is_popup=\u00a0\u00bboff\u00a0\u00bb da_exit_intent=\u00a0\u00bboff\u00a0\u00bb da_has_close=\u00a0\u00bbon\u00a0\u00bb da_alt_close=\u00a0\u00bboff\u00a0\u00bb da_dark_close=\u00a0\u00bboff\u00a0\u00bb da_not_modal=\u00a0\u00bbon\u00a0\u00bb da_is_singular=\u00a0\u00bboff\u00a0\u00bb da_with_loader=\u00a0\u00bboff\u00a0\u00bb da_has_shadow=\u00a0\u00bbon\u00a0\u00bb da_disable_devices=\u00a0\u00bboff|off|off\u00a0\u00bb][et_pb_row _builder_version=\u00a0\u00bb4.27.4&Prime; _module_preset=\u00a0\u00bbdefault\u00a0\u00bb theme_builder_area=\u00a0\u00bbpost_content\u00a0\u00bb][et_pb_column _builder_version=\u00a0\u00bb4.27.4&Prime; _module_preset=\u00a0\u00bbdefault\u00a0\u00bb type=\u00a0\u00bb4_4&Prime; theme_builder_area=\u00a0\u00bbpost_content\u00a0\u00bb][et_pb_text _builder_version=\u00a0\u00bb4.27.4&Prime; _module_preset=\u00a0\u00bbdefault\u00a0\u00bb theme_builder_area=\u00a0\u00bbpost_content\u00a0\u00bb hover_enabled=\u00a0\u00bb0&Prime; sticky_enabled=\u00a0\u00bb0&Prime;]<\/p>\n<h1>AVIS JURIDIQUE<\/h1>\n<p>[\/et_pb_text][et_pb_text _builder_version=\u00a0\u00bb4.27.4&Prime; _module_preset=\u00a0\u00bbdefault\u00a0\u00bb theme_builder_area=\u00a0\u00bbpost_content\u00a0\u00bb hover_enabled=\u00a0\u00bb0&Prime; sticky_enabled=\u00a0\u00bb0&Prime;]<\/p>\n<p style=\"font-weight: 400;\">Les pr\u00e9sentes conditions g\u00e9n\u00e9rales ont pour objet d&rsquo;\u00e9tablir et de r\u00e9glementer les r\u00e8gles d&rsquo;utilisation du site web (ci-apr\u00e8s, le \u00ab\u00a0site web\u00a0\u00bb).<\/p>\n<p style=\"font-weight: 400;\">L&rsquo;acc\u00e8s et la navigation sur le site web, ou l&rsquo;utilisation de ses services, impliquent l&rsquo;acceptation expresse et totale de toutes et chacune des conditions g\u00e9n\u00e9rales d&rsquo;utilisation contenues dans le pr\u00e9sent avis juridique, y compris les conditions g\u00e9n\u00e9rales, ainsi que la politique de confidentialit\u00e9 et de cookies, relatives aux finalit\u00e9s du traitement des donn\u00e9es que vous nous fournissez. Nous vous recommandons de les lire attentivement. <\/p>\n<p style=\"font-weight: 400;\">\n<p style=\"font-weight: 400;\">\n<p style=\"font-weight: 400;\"><strong>1.- Informations juridiques.<\/strong><\/p>\n<p style=\"font-weight: 400;\">Conform\u00e9ment \u00e0 la loi 34\/2002, du 11 juillet, sur les services de la soci\u00e9t\u00e9 de l&rsquo;information et le commerce \u00e9lectronique, les donn\u00e9es d&rsquo;identification du propri\u00e9taire du portail Web sont les suivantes :<\/p>\n<p style=\"font-weight: 400;\">\n<p style=\"font-weight: 400;\">CABILDO DE LANZAROTE<\/p>\n<p style=\"font-weight: 400;\">NUM\u00c9RO DE TVA : P3500002E<\/p>\n<p style=\"font-weight: 400;\">Avenida Fred Olsen, s\/n, 35500, Arrecife, Lanzarote<\/p>\n<p style=\"font-weight: 400;\">\n<p style=\"font-weight: 400;\">\n<p style=\"font-weight: 400;\"><strong>2.- Conditions g\u00e9n\u00e9rales d&rsquo;utilisation.<\/strong><\/p>\n<p style=\"font-weight: 400;\"><strong> <\/strong><\/p>\n<p style=\"font-weight: 400;\">Les conditions g\u00e9n\u00e9rales suivantes r\u00e9gissent l&rsquo;utilisation et l&rsquo;acc\u00e8s au portail web, dans le but d&rsquo;\u00e9tablir des lignes directrices pour le bon usage et le comportement de ce dernier. CABILDO DE LANZAROTE met \u00e0 la disposition des utilisateurs les \u00e9l\u00e9ments suivants <span>  <\/span>de participer aux diff\u00e9rentes propositions.<\/p>\n<p style=\"font-weight: 400;\">\n<p style=\"font-weight: 400;\">L&rsquo;utilisateur s&rsquo;engage \u00e0 faire un usage appropri\u00e9 des contenus accessibles, sous r\u00e9serve de la loi et des pr\u00e9sentes conditions g\u00e9n\u00e9rales d&rsquo;utilisation et, le cas \u00e9ch\u00e9ant, des conditions sp\u00e9cifiques qui peuvent \u00eatre \u00e9tablies pour l&rsquo;acc\u00e8s \u00e0 certains services et applications, en respectant \u00e0 tout moment les autres utilisateurs de ces derniers.<\/p>\n<p style=\"font-weight: 400;\">\n<p style=\"font-weight: 400;\">Dans tous les cas, l&rsquo;utilisateur s&rsquo;engage \u00e0 utiliser de mani\u00e8re appropri\u00e9e les contenus et les services que le CABILDO DE LANZAROTE offre \u00e0 travers<span>  <\/span>, y compris mais sans s&rsquo;y limiter :<\/p>\n<p style=\"font-weight: 400;\">\n<ul style=\"font-weight: 400;\">\n<li>Ne r\u00e9aliser aucune action visant \u00e0 endommager, bloquer, d\u00e9t\u00e9riorer, rendre inutilisable, surcharger, de mani\u00e8re temporaire ou permanente, les fonctionnalit\u00e9s, les outils, les contenus et\/ou l&rsquo;infrastructure du site web, de mani\u00e8re \u00e0 emp\u00eacher son utilisation normale.<\/li>\n<li>sauvegarder et maintenir la confidentialit\u00e9 des codes d&rsquo;acc\u00e8s associ\u00e9s \u00e0 son nom d&rsquo;utilisateur, en \u00e9tant responsable de l&rsquo;utilisation de ces codes d&rsquo;acc\u00e8s personnels et incessibles par des tiers.<\/li>\n<li>Ne pas s&rsquo;engager dans des activit\u00e9s illicites, ill\u00e9gales ou contraires \u00e0 la bonne foi et \u00e0 l&rsquo;ordre public.<\/li>\n<li>Ne pas utiliser le mat\u00e9riel et les informations contenus dans ce site Web \u00e0 des fins illicites et\/ou express\u00e9ment interdites dans les pr\u00e9sentes conditions g\u00e9n\u00e9rales d&rsquo;utilisation, ainsi que dans les conditions particuli\u00e8res qui, le cas \u00e9ch\u00e9ant, sont \u00e9tablies pour certaines applications et\/ou utilit\u00e9s et qui sont contraires aux droits et aux int\u00e9r\u00eats du CABILDO DE LANZAROTE, de ses utilisateurs et\/ou de tiers.<\/li>\n<\/ul>\n<ul>\n<li>Ne pas introduire, stocker ou diffuser \u00e0 travers les pages web du CABILDO DE LANZAROTE tout programme informatique, donn\u00e9e, virus ou code pouvant causer des dommages \u00e0 l&rsquo;un des services, ou \u00e0 l&rsquo;un des \u00e9quipements, syst\u00e8mes ou r\u00e9seaux du CABILDO DE LANZAROTE ou, en g\u00e9n\u00e9ral, de tout tiers, ou qui, d&rsquo;une autre mani\u00e8re, pourrait causer tout type d&rsquo;alt\u00e9ration ou emp\u00eacher le fonctionnement normal de ces derniers.<\/li>\n<li>Ne pas d\u00e9truire, alt\u00e9rer, utiliser \u00e0 d&rsquo;autres fins, rendre inutilisables ou endommager les donn\u00e9es, informations, programmes ou documents \u00e9lectroniques du CABILDO DE LANZAROTE ou de tiers.<\/li>\n<\/ul>\n<p style=\"font-weight: 400;\">\n<p style=\"font-weight: 400;\">En cas de violation des conditions susmentionn\u00e9es, le CABILDO DE LANZAROTE se r\u00e9serve le droit de bloquer, suspendre ou annuler, imm\u00e9diatement et sans pr\u00e9avis, l&rsquo;acc\u00e8s et l&rsquo;utilisation des pages Web du CABILDO DE LANZAROTE et, le cas \u00e9ch\u00e9ant, de supprimer les contenus pr\u00e9sum\u00e9s ou d\u00e9clar\u00e9s ill\u00e9gaux, soit \u00e0 sa seule discr\u00e9tion, soit \u00e0 la demande du tiers concern\u00e9 ou de l&rsquo;autorit\u00e9 comp\u00e9tente. De m\u00eame, le CABILDO DE LANZAROTE, dans le cas o\u00f9 les actions de l&rsquo;utilisateur qui contreviennent aux conditions susmentionn\u00e9es seraient frauduleuses, se r\u00e9serve le droit de transf\u00e9rer ces actions aux forces de s\u00e9curit\u00e9 de l&rsquo;\u00c9tat et aux cours et tribunaux. <\/p>\n<p style=\"font-weight: 400;\">\n<p style=\"font-weight: 400;\">\n<p style=\"font-weight: 400;\"><strong>3.- Propri\u00e9t\u00e9 intellectuelle et industrielle.<\/strong><\/p>\n<p style=\"font-weight: 400;\"><strong> <\/strong><\/p>\n<p style=\"font-weight: 400;\">Le CABILDO DE LANZAROTE est titulaire des droits de propri\u00e9t\u00e9 intellectuelle des \u0153uvres et services qui composent ce site web, ou d\u00e9tient la cession de leur utilisation. Cela inclut la conception graphique et le logiciel de ce site, ainsi que les textes, images et enregistrements qu&rsquo;il contient. La reproduction, la distribution, la communication publique ou la transformation de ces \u0153uvres et services n\u00e9cessitent l&rsquo;autorisation du titulaire, \u00e0 l&rsquo;exception des activit\u00e9s directement autoris\u00e9es par le droit de la propri\u00e9t\u00e9 intellectuelle.  <\/p>\n<p style=\"font-weight: 400;\">\n<p style=\"font-weight: 400;\">Si une personne consid\u00e8re que ce site Web ou son contenu implique la violation d&rsquo;un droit de propri\u00e9t\u00e9 intellectuelle ou industrielle, elle doit en informer<span>  <\/span>CABILDO DE LANZAROTE, en indiquant son nom, la titularit\u00e9 des droits (en fournissant la preuve ou l&rsquo;accr\u00e9ditation correspondante) et l&rsquo;objet du droit pr\u00e9tendument enfreint.<\/p>\n<p style=\"font-weight: 400;\">\n<p style=\"font-weight: 400;\">L&rsquo;utilisateur n&rsquo;est pas autoris\u00e9 \u00e0 proc\u00e9der \u00e0 la distribution, \u00e0 la modification, au transfert ou \u00e0 la communication publique des informations contenues dans ce site web, sous quelque forme et \u00e0 quelque fin que ce soit.<\/p>\n<p style=\"font-weight: 400;\">\n<p style=\"font-weight: 400;\"><strong>4.-<span>  <\/span>Responsabilit\u00e9.<\/strong><\/p>\n<p style=\"font-weight: 400;\"><strong> <\/strong><\/p>\n<p style=\"font-weight: 400;\">Le CABILDO DE LANZAROTE n&rsquo;est pas responsable des dommages qui peuvent survenir, y compris mais sans s&rsquo;y limiter :<\/p>\n<ul>\n<li>Interf\u00e9rences, interruptions, d\u00e9faillances, omissions, retards, blocages ou d\u00e9connexions caus\u00e9s par des erreurs dans les lignes et r\u00e9seaux de t\u00e9l\u00e9communications ou par toute autre cause ind\u00e9pendante de la volont\u00e9 de CABILDO DE LANZAROTE.<\/li>\n<li>Interf\u00e9rence ill\u00e9gale par l&rsquo;utilisation de logiciels malveillants de toute nature et par tout moyen de communication, tels que les virus informatiques ou tout autre moyen de communication.<\/li>\n<li>Cela peut \u00eatre caus\u00e9 par des tiers au moyen d&rsquo;intrusions ill\u00e9gitimes qui \u00e9chappent au contr\u00f4le et qui ne sont pas attribu\u00e9es au CABILDO DE LANZAROTE.<\/li>\n<li>L&rsquo;impossibilit\u00e9 de fournir le service ou de permettre l&rsquo;acc\u00e8s pour des raisons non imputables au CABILDO DE LANZAROTE, ou pour cause de force majeure.<\/li>\n<li>Le site web du CABILDO DE LANZAROTE peut contenir des liens vers les bureaux \u00e9lectroniques d&rsquo;autres administrations publiques ou vers les sites web d&rsquo;autres organismes, entreprises ou institutions, dans le but de faciliter aux citoyens la recherche d&rsquo;informations et de ressources par le biais d&rsquo;Internet. Cependant, ces pages n&rsquo;appartiennent pas au CABILDO DE LANZAROTE et, par cons\u00e9quent, le CABILDO DE LANZAROTE n&rsquo;est pas responsable de leur contenu, de leur fonctionnement ou des cons\u00e9quences \u00e9ventuelles de l&rsquo;acc\u00e8s ou de l&rsquo;utilisation de ces pages. <\/li>\n<\/ul>\n<p style=\"font-weight: 400;\">\n<p style=\"font-weight: 400;\">\n<p style=\"font-weight: 400;\"><strong>5.- Protection des donn\u00e9es personnelles.<\/strong><\/p>\n<p style=\"font-weight: 400;\">L&rsquo;ensemble de la politique de traitement des donn\u00e9es personnelles se trouve dans la Politique de confidentialit\u00e9, qui fait partie int\u00e9grante des pr\u00e9sentes Conditions g\u00e9n\u00e9rales mais que, par souci de simplicit\u00e9, nous avons plac\u00e9e dans un document distinct : <u>Politique de confidentialit\u00e9.<\/u><\/p>\n<p style=\"font-weight: 400;\">\n<p style=\"font-weight: 400;\"><strong>6.- L\u00e9gislation.<\/strong><\/p>\n<p style=\"font-weight: 400;\">Le pr\u00e9sent avis juridique et ses conditions g\u00e9n\u00e9rales sont r\u00e9gis et interpr\u00e9t\u00e9s conform\u00e9ment \u00e0 la l\u00e9gislation espagnole. L&rsquo;utilisateur, par le simple fait d&rsquo;acc\u00e9der au site web ou d&rsquo;obtenir le statut d&rsquo;utilisateur enregistr\u00e9, accorde irr\u00e9vocablement son consentement aux tribunaux comp\u00e9tents par d\u00e9faut pour conna\u00eetre de toute action en justice d\u00e9coulant de ou li\u00e9e \u00e0 ces conditions, ou de son utilisation de ce site ou de sa navigation sur celui-ci. <\/p>\n<p style=\"font-weight: 400;\">\n<p style=\"font-weight: 400;\">Si une clause ou une section des pr\u00e9sentes conditions g\u00e9n\u00e9rales, qui n&rsquo;est pas essentielle \u00e0 l&rsquo;existence de celles-ci, est d\u00e9clar\u00e9e nulle ou inapplicable, la validit\u00e9 des autres clauses n&rsquo;en sera pas affect\u00e9e.<\/p>\n<p style=\"font-weight: 400;\"><strong> <\/strong><\/p>\n<p style=\"font-weight: 400;\"><strong> <\/strong><\/p>\n<p>[\/et_pb_text][\/et_pb_column][\/et_pb_row][\/et_pb_section]<\/p>\n","protected":false},"excerpt":{"rendered":"<p>AVIS JURIDIQUELes pr\u00e9sentes conditions g\u00e9n\u00e9rales ont pour objet d&rsquo;\u00e9tablir et de r\u00e9glementer les r\u00e8gles d&rsquo;utilisation du site web (ci-apr\u00e8s, le \u00ab\u00a0site web\u00a0\u00bb). L&rsquo;acc\u00e8s et la navigation sur le site web, ou l&rsquo;utilisation de ses services, impliquent l&rsquo;acceptation expresse et totale de toutes et chacune des conditions g\u00e9n\u00e9rales d&rsquo;utilisation contenues dans le pr\u00e9sent avis juridique, y [&hellip;]<\/p>\n","protected":false},"author":5,"featured_media":0,"parent":0,"menu_order":0,"comment_status":"closed","ping_status":"closed","template":"","meta":{"_et_pb_use_builder":"on","_et_pb_old_content":"","_et_gb_content_width":"","footnotes":""},"class_list":["post-6352","page","type-page","status-publish","hentry"],"yoast_head":"<!-- This site is optimized with the Yoast SEO plugin v25.3.1 - https:\/\/yoast.com\/wordpress\/plugins\/seo\/ -->\n<title>AVIS JURIDIQUE - Festival de M\u00fasica de Lanzarote<\/title>\n<meta name=\"robots\" content=\"index, follow, max-snippet:-1, max-image-preview:large, max-video-preview:-1\" \/>\n<link rel=\"canonical\" href=\"https:\/\/festivaldemusicavisualdelanzarote.com\/fr\/avis-juridique\/\" \/>\n<meta property=\"og:locale\" content=\"fr_FR\" \/>\n<meta property=\"og:type\" content=\"article\" \/>\n<meta property=\"og:title\" content=\"AVIS JURIDIQUE - Festival de M\u00fasica de Lanzarote\" \/>\n<meta property=\"og:description\" content=\"AVIS JURIDIQUELes pr\u00e9sentes conditions g\u00e9n\u00e9rales ont pour objet d&#039;\u00e9tablir et de r\u00e9glementer les r\u00e8gles d&#039;utilisation du site web (ci-apr\u00e8s, le &quot;site web&quot;). L&#039;acc\u00e8s et la navigation sur le site web, ou l&#039;utilisation de ses services, impliquent l&#039;acceptation expresse et totale de toutes et chacune des conditions g\u00e9n\u00e9rales d&#039;utilisation contenues dans le pr\u00e9sent avis juridique, y [&hellip;]\" \/>\n<meta property=\"og:url\" content=\"https:\/\/festivaldemusicavisualdelanzarote.com\/fr\/avis-juridique\/\" \/>\n<meta property=\"og:site_name\" content=\"Festival de M\u00fasica de Lanzarote\" \/>\n<meta property=\"article:publisher\" content=\"https:\/\/www.facebook.com\/FestivaldeMusicaVisualdeLanzarote\" \/>\n<meta property=\"article:modified_time\" content=\"2025-04-01T12:32:33+00:00\" \/>\n<meta name=\"twitter:card\" content=\"summary_large_image\" \/>\n<meta name=\"twitter:label1\" content=\"Dur\u00e9e de lecture estim\u00e9e\" \/>\n\t<meta name=\"twitter:data1\" content=\"7 minutes\" \/>\n<script type=\"application\/ld+json\" class=\"yoast-schema-graph\">{\"@context\":\"https:\/\/schema.org\",\"@graph\":[{\"@type\":\"WebPage\",\"@id\":\"https:\/\/festivaldemusicavisualdelanzarote.com\/fr\/avis-juridique\/\",\"url\":\"https:\/\/festivaldemusicavisualdelanzarote.com\/fr\/avis-juridique\/\",\"name\":\"AVIS JURIDIQUE - Festival de M\u00fasica de Lanzarote\",\"isPartOf\":{\"@id\":\"https:\/\/festivaldemusicavisualdelanzarote.com\/fr\/#website\"},\"datePublished\":\"2023-07-12T16:39:22+00:00\",\"dateModified\":\"2025-04-01T12:32:33+00:00\",\"breadcrumb\":{\"@id\":\"https:\/\/festivaldemusicavisualdelanzarote.com\/fr\/avis-juridique\/#breadcrumb\"},\"inLanguage\":\"fr-FR\",\"potentialAction\":[{\"@type\":\"ReadAction\",\"target\":[\"https:\/\/festivaldemusicavisualdelanzarote.com\/fr\/avis-juridique\/\"]}]},{\"@type\":\"BreadcrumbList\",\"@id\":\"https:\/\/festivaldemusicavisualdelanzarote.com\/fr\/avis-juridique\/#breadcrumb\",\"itemListElement\":[{\"@type\":\"ListItem\",\"position\":1,\"name\":\"Portada\",\"item\":\"https:\/\/festivaldemusicavisualdelanzarote.com\/fr\/\"},{\"@type\":\"ListItem\",\"position\":2,\"name\":\"AVIS JURIDIQUE\"}]},{\"@type\":\"WebSite\",\"@id\":\"https:\/\/festivaldemusicavisualdelanzarote.com\/fr\/#website\",\"url\":\"https:\/\/festivaldemusicavisualdelanzarote.com\/fr\/\",\"name\":\"Festival de M\u00fasica de Lanzarote\",\"description\":\"Festival de m\u00fasica contempor\u00e1nea en Lanzarote\",\"publisher\":{\"@id\":\"https:\/\/festivaldemusicavisualdelanzarote.com\/fr\/#organization\"},\"potentialAction\":[{\"@type\":\"SearchAction\",\"target\":{\"@type\":\"EntryPoint\",\"urlTemplate\":\"https:\/\/festivaldemusicavisualdelanzarote.com\/fr\/?s={search_term_string}\"},\"query-input\":{\"@type\":\"PropertyValueSpecification\",\"valueRequired\":true,\"valueName\":\"search_term_string\"}}],\"inLanguage\":\"fr-FR\"},{\"@type\":\"Organization\",\"@id\":\"https:\/\/festivaldemusicavisualdelanzarote.com\/fr\/#organization\",\"name\":\"Festival de M\u00fasica de Lanzarote\",\"url\":\"https:\/\/festivaldemusicavisualdelanzarote.com\/fr\/\",\"logo\":{\"@type\":\"ImageObject\",\"inLanguage\":\"fr-FR\",\"@id\":\"https:\/\/festivaldemusicavisualdelanzarote.com\/fr\/#\/schema\/logo\/image\/\",\"url\":\"https:\/\/festivaldemusicavisualdelanzarote.com\/wp-content\/uploads\/2023\/07\/ELEMENTOS-WEB-1-34.png\",\"contentUrl\":\"https:\/\/festivaldemusicavisualdelanzarote.com\/wp-content\/uploads\/2023\/07\/ELEMENTOS-WEB-1-34.png\",\"width\":481,\"height\":477,\"caption\":\"Festival de M\u00fasica de Lanzarote\"},\"image\":{\"@id\":\"https:\/\/festivaldemusicavisualdelanzarote.com\/fr\/#\/schema\/logo\/image\/\"},\"sameAs\":[\"https:\/\/www.facebook.com\/FestivaldeMusicaVisualdeLanzarote\",\"https:\/\/www.instagram.com\/festivalmusicavisuallzt\/\"]}]}<\/script>\n<!-- \/ Yoast SEO plugin. -->","yoast_head_json":{"title":"AVIS JURIDIQUE - Festival de M\u00fasica de Lanzarote","robots":{"index":"index","follow":"follow","max-snippet":"max-snippet:-1","max-image-preview":"max-image-preview:large","max-video-preview":"max-video-preview:-1"},"canonical":"https:\/\/festivaldemusicavisualdelanzarote.com\/fr\/avis-juridique\/","og_locale":"fr_FR","og_type":"article","og_title":"AVIS JURIDIQUE - Festival de M\u00fasica de Lanzarote","og_description":"AVIS JURIDIQUELes pr\u00e9sentes conditions g\u00e9n\u00e9rales ont pour objet d'\u00e9tablir et de r\u00e9glementer les r\u00e8gles d'utilisation du site web (ci-apr\u00e8s, le \"site web\"). L'acc\u00e8s et la navigation sur le site web, ou l'utilisation de ses services, impliquent l'acceptation expresse et totale de toutes et chacune des conditions g\u00e9n\u00e9rales d'utilisation contenues dans le pr\u00e9sent avis juridique, y [&hellip;]","og_url":"https:\/\/festivaldemusicavisualdelanzarote.com\/fr\/avis-juridique\/","og_site_name":"Festival de M\u00fasica de Lanzarote","article_publisher":"https:\/\/www.facebook.com\/FestivaldeMusicaVisualdeLanzarote","article_modified_time":"2025-04-01T12:32:33+00:00","twitter_card":"summary_large_image","twitter_misc":{"Dur\u00e9e de lecture estim\u00e9e":"7 minutes"},"schema":{"@context":"https:\/\/schema.org","@graph":[{"@type":"WebPage","@id":"https:\/\/festivaldemusicavisualdelanzarote.com\/fr\/avis-juridique\/","url":"https:\/\/festivaldemusicavisualdelanzarote.com\/fr\/avis-juridique\/","name":"AVIS JURIDIQUE - Festival de M\u00fasica de Lanzarote","isPartOf":{"@id":"https:\/\/festivaldemusicavisualdelanzarote.com\/fr\/#website"},"datePublished":"2023-07-12T16:39:22+00:00","dateModified":"2025-04-01T12:32:33+00:00","breadcrumb":{"@id":"https:\/\/festivaldemusicavisualdelanzarote.com\/fr\/avis-juridique\/#breadcrumb"},"inLanguage":"fr-FR","potentialAction":[{"@type":"ReadAction","target":["https:\/\/festivaldemusicavisualdelanzarote.com\/fr\/avis-juridique\/"]}]},{"@type":"BreadcrumbList","@id":"https:\/\/festivaldemusicavisualdelanzarote.com\/fr\/avis-juridique\/#breadcrumb","itemListElement":[{"@type":"ListItem","position":1,"name":"Portada","item":"https:\/\/festivaldemusicavisualdelanzarote.com\/fr\/"},{"@type":"ListItem","position":2,"name":"AVIS JURIDIQUE"}]},{"@type":"WebSite","@id":"https:\/\/festivaldemusicavisualdelanzarote.com\/fr\/#website","url":"https:\/\/festivaldemusicavisualdelanzarote.com\/fr\/","name":"Festival de M\u00fasica de Lanzarote","description":"Festival de m\u00fasica contempor\u00e1nea en Lanzarote","publisher":{"@id":"https:\/\/festivaldemusicavisualdelanzarote.com\/fr\/#organization"},"potentialAction":[{"@type":"SearchAction","target":{"@type":"EntryPoint","urlTemplate":"https:\/\/festivaldemusicavisualdelanzarote.com\/fr\/?s={search_term_string}"},"query-input":{"@type":"PropertyValueSpecification","valueRequired":true,"valueName":"search_term_string"}}],"inLanguage":"fr-FR"},{"@type":"Organization","@id":"https:\/\/festivaldemusicavisualdelanzarote.com\/fr\/#organization","name":"Festival de M\u00fasica de Lanzarote","url":"https:\/\/festivaldemusicavisualdelanzarote.com\/fr\/","logo":{"@type":"ImageObject","inLanguage":"fr-FR","@id":"https:\/\/festivaldemusicavisualdelanzarote.com\/fr\/#\/schema\/logo\/image\/","url":"https:\/\/festivaldemusicavisualdelanzarote.com\/wp-content\/uploads\/2023\/07\/ELEMENTOS-WEB-1-34.png","contentUrl":"https:\/\/festivaldemusicavisualdelanzarote.com\/wp-content\/uploads\/2023\/07\/ELEMENTOS-WEB-1-34.png","width":481,"height":477,"caption":"Festival de M\u00fasica de Lanzarote"},"image":{"@id":"https:\/\/festivaldemusicavisualdelanzarote.com\/fr\/#\/schema\/logo\/image\/"},"sameAs":["https:\/\/www.facebook.com\/FestivaldeMusicaVisualdeLanzarote","https:\/\/www.instagram.com\/festivalmusicavisuallzt\/"]}]}},"_links":{"self":[{"href":"https:\/\/festivaldemusicavisualdelanzarote.com\/fr\/wp-json\/wp\/v2\/pages\/6352","targetHints":{"allow":["GET"]}}],"collection":[{"href":"https:\/\/festivaldemusicavisualdelanzarote.com\/fr\/wp-json\/wp\/v2\/pages"}],"about":[{"href":"https:\/\/festivaldemusicavisualdelanzarote.com\/fr\/wp-json\/wp\/v2\/types\/page"}],"author":[{"embeddable":true,"href":"https:\/\/festivaldemusicavisualdelanzarote.com\/fr\/wp-json\/wp\/v2\/users\/5"}],"replies":[{"embeddable":true,"href":"https:\/\/festivaldemusicavisualdelanzarote.com\/fr\/wp-json\/wp\/v2\/comments?post=6352"}],"version-history":[{"count":3,"href":"https:\/\/festivaldemusicavisualdelanzarote.com\/fr\/wp-json\/wp\/v2\/pages\/6352\/revisions"}],"predecessor-version":[{"id":7634,"href":"https:\/\/festivaldemusicavisualdelanzarote.com\/fr\/wp-json\/wp\/v2\/pages\/6352\/revisions\/7634"}],"wp:attachment":[{"href":"https:\/\/festivaldemusicavisualdelanzarote.com\/fr\/wp-json\/wp\/v2\/media?parent=6352"}],"curies":[{"name":"wp","href":"https:\/\/api.w.org\/{rel}","templated":true}]}}