{"id":7679,"date":"2025-06-27T17:03:59","date_gmt":"2025-06-27T15:03:59","guid":{"rendered":"https:\/\/festivaldemusicavisualdelanzarote.com\/programmation-2024-2\/"},"modified":"2025-08-13T15:48:06","modified_gmt":"2025-08-13T13:48:06","slug":"programmation-2024-2","status":"publish","type":"page","link":"https:\/\/festivaldemusicavisualdelanzarote.com\/fr\/programmation-2024-2\/","title":{"rendered":"ACCUEIL"},"content":{"rendered":"<p>[et_pb_section fb_built=\u00a0\u00bb1&Prime; fullwidth=\u00a0\u00bbon\u00a0\u00bb admin_label=\u00a0\u00bbSection\u00a0\u00bb _builder_version=\u00a0\u00bb4.27.0&Prime; _module_preset=\u00a0\u00bbdefault\u00a0\u00bb da_disable_devices=\u00a0\u00bboff|off|off\u00a0\u00bb global_colors_info=\u00a0\u00bb{}\u00a0\u00bb da_is_popup=\u00a0\u00bboff\u00a0\u00bb da_exit_intent=\u00a0\u00bboff\u00a0\u00bb da_has_close=\u00a0\u00bbon\u00a0\u00bb da_alt_close=\u00a0\u00bboff\u00a0\u00bb da_dark_close=\u00a0\u00bboff\u00a0\u00bb da_not_modal=\u00a0\u00bbon\u00a0\u00bb da_is_singular=\u00a0\u00bboff\u00a0\u00bb da_with_loader=\u00a0\u00bboff\u00a0\u00bb da_has_shadow=\u00a0\u00bbon\u00a0\u00bb][et_pb_fullwidth_image src=\u00a0\u00bbhttps:\/\/festivaldemusicavisualdelanzarote.com\/wp-content\/uploads\/2025\/07\/PORTADA-WEB-con-logo-1.jpg\u00a0\u00bb title_text=\u00a0\u00bbACCUEIL DU SITE WEB\u00a0\u00bb src_tablet=\u00a0\u00bbhttps:\/\/festivaldemusicavisualdelanzarote.com\/wp-content\/uploads\/2025\/06\/RRSS_FMVL25_Prancheta-1-scaled.jpg\u00a0\u00bb src_phone=\u00a0\u00bbhttps:\/\/festivaldemusicavisualdelanzarote.com\/wp-content\/uploads\/2025\/06\/RRSS_FMVL25_Prancheta-1-scaled.jpg\u00a0\u00bb src_last_edited=\u00a0\u00bbon|phone\u00a0\u00bb _builder_version=\u00a0\u00bb4.27.4&Prime; _module_preset=\u00a0\u00bbdefault\u00a0\u00bb box_shadow_style=\u00a0\u00bbpreset6&Prime; box_shadow_horizontal=\u00a0\u00bb-18px\u00a0\u00bb box_shadow_vertical=\u00a0\u00bb-1px\u00a0\u00bb box_shadow_blur=\u00a0\u00bb73px\u00a0\u00bb box_shadow_spread=\u00a0\u00bb52px\u00a0\u00bb box_shadow_color=\u00a0\u00bb#0e1322&Prime; global_colors_info=\u00a0\u00bb{}\u00a0\u00bb][\/et_pb_fullwidth_image][\/et_pb_section][et_pb_section fb_built=\u00a0\u00bb1&Prime; _builder_version=\u00a0\u00bb4.27.4&Prime; _module_preset=\u00a0\u00bbdefault\u00a0\u00bb background_color=\u00a0\u00bb#3C120F\u00a0\u00bb custom_padding=\u00a0\u00bb||0px|||\u00a0\u00bb da_disable_devices=\u00a0\u00bboff|off|off\u00a0\u00bb global_colors_info=\u00a0\u00bb{}\u00a0\u00bb da_is_popup=\u00a0\u00bboff\u00a0\u00bb da_exit_intent=\u00a0\u00bboff\u00a0\u00bb da_has_close=\u00a0\u00bbon\u00a0\u00bb da_alt_close=\u00a0\u00bboff\u00a0\u00bb da_dark_close=\u00a0\u00bboff\u00a0\u00bb da_not_modal=\u00a0\u00bbon\u00a0\u00bb da_is_singular=\u00a0\u00bboff\u00a0\u00bb da_with_loader=\u00a0\u00bboff\u00a0\u00bb da_has_shadow=\u00a0\u00bbon\u00a0\u00bb][et_pb_row _builder_version=\u00a0\u00bb4.27.4&Prime; _module_preset=\u00a0\u00bbdefault\u00a0\u00bb width=\u00a0\u00bb100%\u00a0\u00bb max_width=\u00a0\u00bb100%\u00a0\u00bb custom_margin=\u00a0\u00bb-54px|auto||auto||\u00a0\u00bb custom_padding=\u00a0\u00bb1px||0px|||\u00a0\u00bb global_colors_info=\u00a0\u00bb{}\u00a0\u00bb][et_pb_column type=\u00a0\u00bb4_4&Prime; _builder_version=\u00a0\u00bb4.27.4&Prime; _module_preset=\u00a0\u00bbdefault\u00a0\u00bb global_colors_info=\u00a0\u00bb{}\u00a0\u00bb][et_pb_video src=\u00a0\u00bbhttps:\/\/vimeo.com\/1099160304\/57e379135a\u00a0\u00bb _builder_version=\u00a0\u00bb4.27.4&Prime; _module_preset=\u00a0\u00bbdefault\u00a0\u00bb global_colors_info=\u00a0\u00bb{}\u00a0\u00bb][\/et_pb_video][\/et_pb_column][\/et_pb_row][\/et_pb_section][et_pb_section fb_built=\u00a0\u00bb1&Prime; _builder_version=\u00a0\u00bb4.27.4&Prime; _module_preset=\u00a0\u00bbdefault\u00a0\u00bb background_color=\u00a0\u00bb#000000&Prime; background_enable_image=\u00a0\u00bboff\u00a0\u00bb background_position=\u00a0\u00bbtop_left\u00a0\u00bb custom_padding=\u00a0\u00bb||0px|||\u00a0\u00bb da_disable_devices=\u00a0\u00bboff|off|off\u00a0\u00bb global_colors_info=\u00a0\u00bb{}\u00a0\u00bb da_is_popup=\u00a0\u00bboff\u00a0\u00bb da_exit_intent=\u00a0\u00bboff\u00a0\u00bb da_has_close=\u00a0\u00bbon\u00a0\u00bb da_alt_close=\u00a0\u00bboff\u00a0\u00bb da_dark_close=\u00a0\u00bboff\u00a0\u00bb da_not_modal=\u00a0\u00bbon\u00a0\u00bb da_is_singular=\u00a0\u00bboff\u00a0\u00bb da_with_loader=\u00a0\u00bboff\u00a0\u00bb da_has_shadow=\u00a0\u00bbon\u00a0\u00bb][et_pb_row _builder_version=\u00a0\u00bb4.27.0&Prime; _module_preset=\u00a0\u00bbdefault\u00a0\u00bb global_colors_info=\u00a0\u00bb{}\u00a0\u00bb][et_pb_column type=\u00a0\u00bb4_4&Prime; _builder_version=\u00a0\u00bb4.27.0&Prime; _module_preset=\u00a0\u00bbdefault\u00a0\u00bb global_colors_info=\u00a0\u00bb{}\u00a0\u00bb][et_pb_text _builder_version=\u00a0\u00bb4.27.4&Prime; _module_preset=\u00a0\u00bbdefault\u00a0\u00bb text_font=\u00a0\u00bbAlong Black|||on|||||\u00a0\u00bb text_text_color=\u00a0\u00bb#FFFFFF\u00a0\u00bb text_font_size=\u00a0\u00bb23px\u00a0\u00bb header_font=\u00a0\u00bbAlong Black||||||||\u00a0\u00bb header_text_align=\u00a0\u00bbcenter\u00a0\u00bb header_text_color=\u00a0\u00bb#FFFFFF\u00a0\u00bb header_font_size=\u00a0\u00bb37px\u00a0\u00bb text_orientation=\u00a0\u00bbcenter\u00a0\u00bb global_colors_info=\u00a0\u00bb{}\u00a0\u00bb]<\/p>\n<h1>NOUS REVIENDRONS BIENT\u00d4T ! <\/h1>\n<p>08-11\/10<br \/>15-18\/10<\/p>\n<p>[\/et_pb_text][\/et_pb_column][\/et_pb_row][\/et_pb_section]<\/p>\n","protected":false},"excerpt":{"rendered":"<p>NOUS REVIENDRONS BIENT\u00d4T ! 08-11\/1015-18\/10<\/p>\n","protected":false},"author":2,"featured_media":0,"parent":0,"menu_order":0,"comment_status":"closed","ping_status":"closed","template":"","meta":{"_et_pb_use_builder":"on","_et_pb_old_content":"","_et_gb_content_width":"","footnotes":""},"class_list":["post-7679","page","type-page","status-publish","hentry"],"yoast_head":"<!-- This site is optimized with the Yoast SEO plugin v25.3.1 - https:\/\/yoast.com\/wordpress\/plugins\/seo\/ -->\n<title>ACCUEIL - Festival de M\u00fasica de Lanzarote<\/title>\n<meta name=\"description\" content=\"19e \u00e9dition du festival de musique visuelle de Lanzarote : le festival le plus singulier de Lanzarote revient sur les sc\u00e8nes uniques du CACT.\" \/>\n<meta name=\"robots\" content=\"index, follow, max-snippet:-1, max-image-preview:large, max-video-preview:-1\" \/>\n<link rel=\"canonical\" href=\"https:\/\/festivaldemusicavisualdelanzarote.com\/fr\/programmation-2024-2\/\" \/>\n<meta property=\"og:locale\" content=\"fr_FR\" \/>\n<meta property=\"og:type\" content=\"article\" \/>\n<meta property=\"og:title\" content=\"ACCUEIL - Festival de M\u00fasica de Lanzarote\" \/>\n<meta property=\"og:description\" content=\"19e \u00e9dition du festival de musique visuelle de Lanzarote : le festival le plus singulier de Lanzarote revient sur les sc\u00e8nes uniques du CACT.\" \/>\n<meta property=\"og:url\" content=\"https:\/\/festivaldemusicavisualdelanzarote.com\/fr\/programmation-2024-2\/\" \/>\n<meta property=\"og:site_name\" content=\"Festival de M\u00fasica de Lanzarote\" \/>\n<meta property=\"article:publisher\" content=\"https:\/\/www.facebook.com\/FestivaldeMusicaVisualdeLanzarote\" \/>\n<meta property=\"article:modified_time\" content=\"2025-08-13T13:48:06+00:00\" \/>\n<meta name=\"twitter:card\" content=\"summary_large_image\" \/>\n<meta name=\"twitter:label1\" content=\"Dur\u00e9e de lecture estim\u00e9e\" \/>\n\t<meta name=\"twitter:data1\" content=\"2 minutes\" \/>\n<script type=\"application\/ld+json\" class=\"yoast-schema-graph\">{\"@context\":\"https:\/\/schema.org\",\"@graph\":[{\"@type\":\"WebPage\",\"@id\":\"https:\/\/festivaldemusicavisualdelanzarote.com\/fr\/programmation-2024-2\/\",\"url\":\"https:\/\/festivaldemusicavisualdelanzarote.com\/fr\/programmation-2024-2\/\",\"name\":\"ACCUEIL - Festival de M\u00fasica de Lanzarote\",\"isPartOf\":{\"@id\":\"https:\/\/festivaldemusicavisualdelanzarote.com\/fr\/#website\"},\"datePublished\":\"2025-06-27T15:03:59+00:00\",\"dateModified\":\"2025-08-13T13:48:06+00:00\",\"description\":\"19e \u00e9dition du festival de musique visuelle de Lanzarote : le festival le plus singulier de Lanzarote revient sur les sc\u00e8nes uniques du CACT.\",\"breadcrumb\":{\"@id\":\"https:\/\/festivaldemusicavisualdelanzarote.com\/fr\/programmation-2024-2\/#breadcrumb\"},\"inLanguage\":\"fr-FR\",\"potentialAction\":[{\"@type\":\"ReadAction\",\"target\":[\"https:\/\/festivaldemusicavisualdelanzarote.com\/fr\/programmation-2024-2\/\"]}]},{\"@type\":\"BreadcrumbList\",\"@id\":\"https:\/\/festivaldemusicavisualdelanzarote.com\/fr\/programmation-2024-2\/#breadcrumb\",\"itemListElement\":[{\"@type\":\"ListItem\",\"position\":1,\"name\":\"Portada\",\"item\":\"https:\/\/festivaldemusicavisualdelanzarote.com\/fr\/\"},{\"@type\":\"ListItem\",\"position\":2,\"name\":\"ACCUEIL\"}]},{\"@type\":\"WebSite\",\"@id\":\"https:\/\/festivaldemusicavisualdelanzarote.com\/fr\/#website\",\"url\":\"https:\/\/festivaldemusicavisualdelanzarote.com\/fr\/\",\"name\":\"Festival de M\u00fasica de Lanzarote\",\"description\":\"Festival de m\u00fasica contempor\u00e1nea en Lanzarote\",\"publisher\":{\"@id\":\"https:\/\/festivaldemusicavisualdelanzarote.com\/fr\/#organization\"},\"potentialAction\":[{\"@type\":\"SearchAction\",\"target\":{\"@type\":\"EntryPoint\",\"urlTemplate\":\"https:\/\/festivaldemusicavisualdelanzarote.com\/fr\/?s={search_term_string}\"},\"query-input\":{\"@type\":\"PropertyValueSpecification\",\"valueRequired\":true,\"valueName\":\"search_term_string\"}}],\"inLanguage\":\"fr-FR\"},{\"@type\":\"Organization\",\"@id\":\"https:\/\/festivaldemusicavisualdelanzarote.com\/fr\/#organization\",\"name\":\"Festival de M\u00fasica de Lanzarote\",\"url\":\"https:\/\/festivaldemusicavisualdelanzarote.com\/fr\/\",\"logo\":{\"@type\":\"ImageObject\",\"inLanguage\":\"fr-FR\",\"@id\":\"https:\/\/festivaldemusicavisualdelanzarote.com\/fr\/#\/schema\/logo\/image\/\",\"url\":\"https:\/\/festivaldemusicavisualdelanzarote.com\/wp-content\/uploads\/2023\/07\/ELEMENTOS-WEB-1-34.png\",\"contentUrl\":\"https:\/\/festivaldemusicavisualdelanzarote.com\/wp-content\/uploads\/2023\/07\/ELEMENTOS-WEB-1-34.png\",\"width\":481,\"height\":477,\"caption\":\"Festival de M\u00fasica de Lanzarote\"},\"image\":{\"@id\":\"https:\/\/festivaldemusicavisualdelanzarote.com\/fr\/#\/schema\/logo\/image\/\"},\"sameAs\":[\"https:\/\/www.facebook.com\/FestivaldeMusicaVisualdeLanzarote\",\"https:\/\/www.instagram.com\/festivalmusicavisuallzt\/\"]}]}<\/script>\n<!-- \/ Yoast SEO plugin. -->","yoast_head_json":{"title":"ACCUEIL - Festival de M\u00fasica de Lanzarote","description":"19e \u00e9dition du festival de musique visuelle de Lanzarote : le festival le plus singulier de Lanzarote revient sur les sc\u00e8nes uniques du CACT.","robots":{"index":"index","follow":"follow","max-snippet":"max-snippet:-1","max-image-preview":"max-image-preview:large","max-video-preview":"max-video-preview:-1"},"canonical":"https:\/\/festivaldemusicavisualdelanzarote.com\/fr\/programmation-2024-2\/","og_locale":"fr_FR","og_type":"article","og_title":"ACCUEIL - Festival de M\u00fasica de Lanzarote","og_description":"19e \u00e9dition du festival de musique visuelle de Lanzarote : le festival le plus singulier de Lanzarote revient sur les sc\u00e8nes uniques du CACT.","og_url":"https:\/\/festivaldemusicavisualdelanzarote.com\/fr\/programmation-2024-2\/","og_site_name":"Festival de M\u00fasica de Lanzarote","article_publisher":"https:\/\/www.facebook.com\/FestivaldeMusicaVisualdeLanzarote","article_modified_time":"2025-08-13T13:48:06+00:00","twitter_card":"summary_large_image","twitter_misc":{"Dur\u00e9e de lecture estim\u00e9e":"2 minutes"},"schema":{"@context":"https:\/\/schema.org","@graph":[{"@type":"WebPage","@id":"https:\/\/festivaldemusicavisualdelanzarote.com\/fr\/programmation-2024-2\/","url":"https:\/\/festivaldemusicavisualdelanzarote.com\/fr\/programmation-2024-2\/","name":"ACCUEIL - Festival de M\u00fasica de Lanzarote","isPartOf":{"@id":"https:\/\/festivaldemusicavisualdelanzarote.com\/fr\/#website"},"datePublished":"2025-06-27T15:03:59+00:00","dateModified":"2025-08-13T13:48:06+00:00","description":"19e \u00e9dition du festival de musique visuelle de Lanzarote : le festival le plus singulier de Lanzarote revient sur les sc\u00e8nes uniques du CACT.","breadcrumb":{"@id":"https:\/\/festivaldemusicavisualdelanzarote.com\/fr\/programmation-2024-2\/#breadcrumb"},"inLanguage":"fr-FR","potentialAction":[{"@type":"ReadAction","target":["https:\/\/festivaldemusicavisualdelanzarote.com\/fr\/programmation-2024-2\/"]}]},{"@type":"BreadcrumbList","@id":"https:\/\/festivaldemusicavisualdelanzarote.com\/fr\/programmation-2024-2\/#breadcrumb","itemListElement":[{"@type":"ListItem","position":1,"name":"Portada","item":"https:\/\/festivaldemusicavisualdelanzarote.com\/fr\/"},{"@type":"ListItem","position":2,"name":"ACCUEIL"}]},{"@type":"WebSite","@id":"https:\/\/festivaldemusicavisualdelanzarote.com\/fr\/#website","url":"https:\/\/festivaldemusicavisualdelanzarote.com\/fr\/","name":"Festival de M\u00fasica de Lanzarote","description":"Festival de m\u00fasica contempor\u00e1nea en Lanzarote","publisher":{"@id":"https:\/\/festivaldemusicavisualdelanzarote.com\/fr\/#organization"},"potentialAction":[{"@type":"SearchAction","target":{"@type":"EntryPoint","urlTemplate":"https:\/\/festivaldemusicavisualdelanzarote.com\/fr\/?s={search_term_string}"},"query-input":{"@type":"PropertyValueSpecification","valueRequired":true,"valueName":"search_term_string"}}],"inLanguage":"fr-FR"},{"@type":"Organization","@id":"https:\/\/festivaldemusicavisualdelanzarote.com\/fr\/#organization","name":"Festival de M\u00fasica de Lanzarote","url":"https:\/\/festivaldemusicavisualdelanzarote.com\/fr\/","logo":{"@type":"ImageObject","inLanguage":"fr-FR","@id":"https:\/\/festivaldemusicavisualdelanzarote.com\/fr\/#\/schema\/logo\/image\/","url":"https:\/\/festivaldemusicavisualdelanzarote.com\/wp-content\/uploads\/2023\/07\/ELEMENTOS-WEB-1-34.png","contentUrl":"https:\/\/festivaldemusicavisualdelanzarote.com\/wp-content\/uploads\/2023\/07\/ELEMENTOS-WEB-1-34.png","width":481,"height":477,"caption":"Festival de M\u00fasica de Lanzarote"},"image":{"@id":"https:\/\/festivaldemusicavisualdelanzarote.com\/fr\/#\/schema\/logo\/image\/"},"sameAs":["https:\/\/www.facebook.com\/FestivaldeMusicaVisualdeLanzarote","https:\/\/www.instagram.com\/festivalmusicavisuallzt\/"]}]}},"_links":{"self":[{"href":"https:\/\/festivaldemusicavisualdelanzarote.com\/fr\/wp-json\/wp\/v2\/pages\/7679","targetHints":{"allow":["GET"]}}],"collection":[{"href":"https:\/\/festivaldemusicavisualdelanzarote.com\/fr\/wp-json\/wp\/v2\/pages"}],"about":[{"href":"https:\/\/festivaldemusicavisualdelanzarote.com\/fr\/wp-json\/wp\/v2\/types\/page"}],"author":[{"embeddable":true,"href":"https:\/\/festivaldemusicavisualdelanzarote.com\/fr\/wp-json\/wp\/v2\/users\/2"}],"replies":[{"embeddable":true,"href":"https:\/\/festivaldemusicavisualdelanzarote.com\/fr\/wp-json\/wp\/v2\/comments?post=7679"}],"version-history":[{"count":9,"href":"https:\/\/festivaldemusicavisualdelanzarote.com\/fr\/wp-json\/wp\/v2\/pages\/7679\/revisions"}],"predecessor-version":[{"id":8219,"href":"https:\/\/festivaldemusicavisualdelanzarote.com\/fr\/wp-json\/wp\/v2\/pages\/7679\/revisions\/8219"}],"wp:attachment":[{"href":"https:\/\/festivaldemusicavisualdelanzarote.com\/fr\/wp-json\/wp\/v2\/media?parent=7679"}],"curies":[{"name":"wp","href":"https:\/\/api.w.org\/{rel}","templated":true}]}}